{"id":724,"date":"2019-02-24T16:51:03","date_gmt":"2019-02-24T15:51:03","guid":{"rendered":"https:\/\/www.brunosrl.net\/?page_id=724"},"modified":"2022-04-08T09:12:19","modified_gmt":"2022-04-08T07:12:19","slug":"decouvrir-bruno","status":"publish","type":"page","link":"https:\/\/www.brunosrl.net\/fr\/decouvrir-bruno\/","title":{"rendered":"D\u00e9couvrir Bruno"},"content":{"rendered":"<p>[et_pb_section fb_built=\u00a0\u00bb1&Prime; _builder_version=\u00a0\u00bb4.16&Prime; custom_padding=\u00a0\u00bb0px|0px|0px|0px\u00a0\u00bb global_colors_info=\u00a0\u00bb{}\u00a0\u00bb][et_pb_row module_class=\u00a0\u00bb et_pb_row_fullwidth\u00a0\u00bb _builder_version=\u00a0\u00bb4.16&Prime; width=\u00a0\u00bb89%\u00a0\u00bb width_tablet=\u00a0\u00bb80%\u00a0\u00bb width_phone=\u00a0\u00bb80%\u00a0\u00bb width_last_edited=\u00a0\u00bbon|desktop\u00a0\u00bb max_width=\u00a0\u00bb89%\u00a0\u00bb max_width_tablet=\u00a0\u00bb80%\u00a0\u00bb max_width_phone=\u00a0\u00bb80%\u00a0\u00bb max_width_last_edited=\u00a0\u00bbon|desktop\u00a0\u00bb custom_margin=\u00a0\u00bb0px|0px|0px|0px\u00a0\u00bb custom_padding=\u00a0\u00bb0px|0px|0px|0px\u00a0\u00bb make_fullwidth=\u00a0\u00bbon\u00a0\u00bb global_colors_info=\u00a0\u00bb{}\u00a0\u00bb][et_pb_column type=\u00a0\u00bb4_4&Prime; _builder_version=\u00a0\u00bb4.16&Prime; background_position=\u00a0\u00bbtop_left\u00a0\u00bb custom_padding=\u00a0\u00bb0px|0px|0px|0px\u00a0\u00bb global_colors_info=\u00a0\u00bb{}\u00a0\u00bb custom_padding__hover=\u00a0\u00bb|||\u00a0\u00bb][et_pb_video src=\u00a0\u00bbhttps:\/\/www.brunosrl.net\/wp-content\/uploads\/2021\/09\/Presentazione-Bruno-srl-YouTube-1280&#215;720.mp4&Prime; _builder_version=\u00a0\u00bb4.16.1&Prime; _module_preset=\u00a0\u00bbdefault\u00a0\u00bb hover_enabled=\u00a0\u00bb0&Prime; global_colors_info=\u00a0\u00bb{}\u00a0\u00bb module_class=\u00a0\u00bblwp-video-autoplay\u00a0\u00bb sticky_enabled=\u00a0\u00bb0&Prime;][\/et_pb_video][et_pb_image src=\u00a0\u00bbhttps:\/\/www.brunosrl.net\/wp-content\/uploads\/2019\/01\/aaa.jpg\u00a0\u00bb align_tablet=\u00a0\u00bbcenter\u00a0\u00bb align_phone=\u00a0\u00bbcenter\u00a0\u00bb align_last_edited=\u00a0\u00bbon|desktop\u00a0\u00bb disabled_on=\u00a0\u00bbon|on|on\u00a0\u00bb _builder_version=\u00a0\u00bb4.16.1&Prime; custom_margin=\u00a0\u00bb80px||0px|\u00a0\u00bb animation=\u00a0\u00bboff\u00a0\u00bb sticky=\u00a0\u00bboff\u00a0\u00bb border_style=\u00a0\u00bbsolid\u00a0\u00bb always_center_on_mobile=\u00a0\u00bbon\u00a0\u00bb disabled=\u00a0\u00bbon\u00a0\u00bb global_colors_info=\u00a0\u00bb{}\u00a0\u00bb][\/et_pb_image][et_pb_image src=\u00a0\u00bbhttps:\/\/www.brunosrl.net\/wp-content\/uploads\/2018\/12\/rosso.png\u00a0\u00bb show_bottom_space=\u00a0\u00bboff\u00a0\u00bb align_tablet=\u00a0\u00bbcenter\u00a0\u00bb align_phone=\u00a0\u00bbcenter\u00a0\u00bb align_last_edited=\u00a0\u00bbon|desktop\u00a0\u00bb _builder_version=\u00a0\u00bb4.16&Prime; custom_margin=\u00a0\u00bb0px|0px|0px|0px\u00a0\u00bb animation=\u00a0\u00bboff\u00a0\u00bb sticky=\u00a0\u00bbon\u00a0\u00bb border_style=\u00a0\u00bbsolid\u00a0\u00bb always_center_on_mobile=\u00a0\u00bbon\u00a0\u00bb global_colors_info=\u00a0\u00bb{}\u00a0\u00bb][\/et_pb_image][\/et_pb_column][\/et_pb_row][\/et_pb_section][et_pb_section fb_built=\u00a0\u00bb1&Prime; _builder_version=\u00a0\u00bb4.16&Prime; custom_padding=\u00a0\u00bb0px|0px|0px|0px\u00a0\u00bb global_colors_info=\u00a0\u00bb{}\u00a0\u00bb][et_pb_row module_class=\u00a0\u00bbtext\u00a0\u00bb _builder_version=\u00a0\u00bb4.16&Prime; custom_margin=\u00a0\u00bb0px|0px|0px|0px\u00a0\u00bb custom_padding=\u00a0\u00bb0px|0px|0px|0px\u00a0\u00bb global_colors_info=\u00a0\u00bb{}\u00a0\u00bb][et_pb_column type=\u00a0\u00bb4_4&Prime; _builder_version=\u00a0\u00bb4.16&Prime; background_position=\u00a0\u00bbtop_left\u00a0\u00bb custom_padding=\u00a0\u00bb0px|0px|0px|0px\u00a0\u00bb global_colors_info=\u00a0\u00bb{}\u00a0\u00bb custom_padding__hover=\u00a0\u00bb|||\u00a0\u00bb][et_pb_text _builder_version=\u00a0\u00bb4.16&Prime; custom_margin=\u00a0\u00bb0px|15%|0px|15%\u00a0\u00bb custom_margin_tablet=\u00a0\u00bb\u00a0\u00bb custom_margin_phone=\u00a0\u00bb0px|2%|0px|2%\u00a0\u00bb custom_margin_last_edited=\u00a0\u00bbon|desktop\u00a0\u00bb border_style=\u00a0\u00bbsolid\u00a0\u00bb global_colors_info=\u00a0\u00bb{}\u00a0\u00bb]<\/p>\n<h2 style=\"text-align: center;\"><img loading=\"lazy\" class=\"alignnone wp-image-78\" src=\"https:\/\/www.brunosrl.net\/wp-content\/uploads\/2018\/12\/marchio.png\" alt=\"\" width=\"60\" height=\"39\" \/><\/h2>\n<h2 style=\"text-align: center;\">L&rsquo;histoire, de 1978 \u00e0 aujourd&rsquo;hui<\/h2>\n<p style=\"text-align: center;\">Est n\u00e9e en 1978 l\u2019exportation de <strong>BRUNO<\/strong>, principalement avec destination Autriche, Apr\u00e8s une longue exp\u00e9rience dans le march\u00e9 des fruits et l\u00e9gumes en gros \u00e0 V\u00e9rone.<strong>BRUNO<\/strong> , ainsi que l\u2019exportation de la plus part de Europe, sert les march\u00e9s et un grand nombre de groupes les plus importants de GdO en Italie. Avenir et dynamisme sont garantis gr\u00e2ce \u00e0 l\u2019attention et aux soins \u00e0 tous les besoins des clients, \u00e0 la recherche de l\u2019innovation, l\u2019insertion et la formation constante de jeunes employ\u00e9s.<\/p>\n<p>[\/et_pb_text][\/et_pb_column][\/et_pb_row][et_pb_row column_structure=\u00a0\u00bb1_2,1_2&Prime; module_class=\u00a0\u00bbtwoimage\u00a0\u00bb _builder_version=\u00a0\u00bb4.16&Prime; custom_margin=\u00a0\u00bb20px|||\u00a0\u00bb global_colors_info=\u00a0\u00bb{}\u00a0\u00bb][et_pb_column type=\u00a0\u00bb1_2&Prime; _builder_version=\u00a0\u00bb4.16&Prime; background_position=\u00a0\u00bbtop_left\u00a0\u00bb custom_padding=\u00a0\u00bb|||\u00a0\u00bb global_colors_info=\u00a0\u00bb{}\u00a0\u00bb custom_padding__hover=\u00a0\u00bb|||\u00a0\u00bb][et_pb_image src=\u00a0\u00bbhttps:\/\/www.brunosrl.net\/wp-content\/uploads\/2019\/01\/Senza-titolo-3-1.jpg\u00a0\u00bb align_tablet=\u00a0\u00bbcenter\u00a0\u00bb align_phone=\u00a0\u00bbcenter\u00a0\u00bb align_last_edited=\u00a0\u00bbon|desktop\u00a0\u00bb _builder_version=\u00a0\u00bb4.16&Prime; animation=\u00a0\u00bboff\u00a0\u00bb sticky=\u00a0\u00bboff\u00a0\u00bb border_style=\u00a0\u00bbsolid\u00a0\u00bb always_center_on_mobile=\u00a0\u00bbon\u00a0\u00bb global_colors_info=\u00a0\u00bb{}\u00a0\u00bb][\/et_pb_image][\/et_pb_column][et_pb_column type=\u00a0\u00bb1_2&Prime; _builder_version=\u00a0\u00bb4.16&Prime; background_position=\u00a0\u00bbtop_left\u00a0\u00bb custom_padding=\u00a0\u00bb|||\u00a0\u00bb global_colors_info=\u00a0\u00bb{}\u00a0\u00bb custom_padding__hover=\u00a0\u00bb|||\u00a0\u00bb][et_pb_image src=\u00a0\u00bbhttps:\/\/www.brunosrl.net\/wp-content\/uploads\/2019\/01\/Senza-titolo-2-1.jpg\u00a0\u00bb align_tablet=\u00a0\u00bbcenter\u00a0\u00bb align_phone=\u00a0\u00bbcenter\u00a0\u00bb align_last_edited=\u00a0\u00bbon|desktop\u00a0\u00bb disabled_on=\u00a0\u00bbon|on|off\u00a0\u00bb _builder_version=\u00a0\u00bb4.16&Prime; animation=\u00a0\u00bboff\u00a0\u00bb sticky=\u00a0\u00bboff\u00a0\u00bb border_style=\u00a0\u00bbsolid\u00a0\u00bb always_center_on_mobile=\u00a0\u00bbon\u00a0\u00bb global_colors_info=\u00a0\u00bb{}\u00a0\u00bb][\/et_pb_image][\/et_pb_column][\/et_pb_row][et_pb_row module_class=\u00a0\u00bbimgfullwidth\u00a0\u00bb _builder_version=\u00a0\u00bb4.16&Prime; global_colors_info=\u00a0\u00bb{}\u00a0\u00bb][et_pb_column type=\u00a0\u00bb4_4&Prime; _builder_version=\u00a0\u00bb4.16&Prime; background_position=\u00a0\u00bbtop_left\u00a0\u00bb custom_padding=\u00a0\u00bb|||\u00a0\u00bb global_colors_info=\u00a0\u00bb{}\u00a0\u00bb custom_padding__hover=\u00a0\u00bb|||\u00a0\u00bb][et_pb_image src=\u00a0\u00bbhttps:\/\/www.brunosrl.net\/wp-content\/uploads\/2019\/01\/bbb.jpg\u00a0\u00bb align_tablet=\u00a0\u00bbcenter\u00a0\u00bb align_phone=\u00a0\u00bbcenter\u00a0\u00bb align_last_edited=\u00a0\u00bbon|desktop\u00a0\u00bb _builder_version=\u00a0\u00bb4.16&Prime; custom_margin=\u00a0\u00bb15px|||\u00a0\u00bb animation=\u00a0\u00bboff\u00a0\u00bb sticky=\u00a0\u00bboff\u00a0\u00bb border_style=\u00a0\u00bbsolid\u00a0\u00bb always_center_on_mobile=\u00a0\u00bbon\u00a0\u00bb global_colors_info=\u00a0\u00bb{}\u00a0\u00bb][\/et_pb_image][\/et_pb_column][\/et_pb_row][\/et_pb_section][et_pb_section fb_built=\u00a0\u00bb1&Prime; _builder_version=\u00a0\u00bb4.16&Prime; custom_padding=\u00a0\u00bb0px|0px|0px|0px\u00a0\u00bb global_colors_info=\u00a0\u00bb{}\u00a0\u00bb][et_pb_row module_class=\u00a0\u00bbtext\u00a0\u00bb _builder_version=\u00a0\u00bb4.16&Prime; custom_margin=\u00a0\u00bb0px|0px|0px|0px\u00a0\u00bb custom_padding=\u00a0\u00bb0px|0px|0px|0px\u00a0\u00bb global_colors_info=\u00a0\u00bb{}\u00a0\u00bb][et_pb_column type=\u00a0\u00bb4_4&Prime; _builder_version=\u00a0\u00bb4.16&Prime; background_position=\u00a0\u00bbtop_left\u00a0\u00bb custom_padding=\u00a0\u00bb0px|0px|0px|0px\u00a0\u00bb global_colors_info=\u00a0\u00bb{}\u00a0\u00bb custom_padding__hover=\u00a0\u00bb|||\u00a0\u00bb][et_pb_text _builder_version=\u00a0\u00bb4.16&Prime; custom_margin=\u00a0\u00bb0px|15%|0px|15%\u00a0\u00bb custom_margin_tablet=\u00a0\u00bb\u00a0\u00bb custom_margin_phone=\u00a0\u00bb0px|2%|0px|2%\u00a0\u00bb custom_margin_last_edited=\u00a0\u00bbon|desktop\u00a0\u00bb border_style=\u00a0\u00bbsolid\u00a0\u00bb global_colors_info=\u00a0\u00bb{}\u00a0\u00bb]<\/p>\n<h2 style=\"text-align: center;\"><img loading=\"lazy\" class=\"alignnone wp-image-78\" src=\"https:\/\/www.brunosrl.net\/wp-content\/uploads\/2018\/12\/marchio.png\" alt=\"\" width=\"60\" height=\"39\" \/><\/h2>\n<h2 style=\"text-align: center;\">Votre partenaire dans notre r\u00e9gion<\/h2>\n<p style=\"text-align: center;\">Bruno est situ\u00e9 dans une position g\u00e9ographique strat\u00e9gique, dans une zone avec une forte orientation commerciale, dans une r\u00e9gion agricole r\u00e9put\u00e9e pour l\u2019excellence de fruits et l\u00e9gumes.<\/p>\n<p style=\"text-align: center;\">Bruno rejoint l\u2019exp\u00e9rience commerciale travaille en \u00e9troite collaboration avec les agriculteurs locaux donnant vie \u00e0 la cr\u00e9ation d\u2019une union capable d\u2019optimiser les objectifs, le calendrier et les vari\u00e9t\u00e9s de cultures.<\/p>\n<p style=\"text-align: center;\">L\u2019attention de la cha\u00eene d\u2019approvisionnement gr\u00e2ce \u00e0 un syst\u00e8me de contr\u00f4le de qualit\u00e9 pr\u00e9cis et l\u2019application stricte de discipline, comme HACCP et GLOBALGAP, ainsi que l\u2019utilisation des technologies modernes pour l\u2019emballage des produits, font de Bruno une garantie pour les clients et les fournisseurs.<\/p>\n<p>[\/et_pb_text][\/et_pb_column][\/et_pb_row][et_pb_row module_class=\u00a0\u00bbimgfullwidth\u00a0\u00bb _builder_version=\u00a0\u00bb4.16&Prime; global_colors_info=\u00a0\u00bb{}\u00a0\u00bb][et_pb_column type=\u00a0\u00bb4_4&Prime; _builder_version=\u00a0\u00bb4.16&Prime; background_position=\u00a0\u00bbtop_left\u00a0\u00bb custom_padding=\u00a0\u00bb|||\u00a0\u00bb global_colors_info=\u00a0\u00bb{}\u00a0\u00bb custom_padding__hover=\u00a0\u00bb|||\u00a0\u00bb][et_pb_image src=\u00a0\u00bbhttps:\/\/www.brunosrl.net\/wp-content\/uploads\/2019\/01\/Panoramica_BRUNO1.jpg\u00a0\u00bb show_bottom_space=\u00a0\u00bboff\u00a0\u00bb align_tablet=\u00a0\u00bbcenter\u00a0\u00bb align_phone=\u00a0\u00bbcenter\u00a0\u00bb align_last_edited=\u00a0\u00bbon|desktop\u00a0\u00bb _builder_version=\u00a0\u00bb4.16&Prime; custom_margin=\u00a0\u00bb15px|||\u00a0\u00bb animation=\u00a0\u00bboff\u00a0\u00bb sticky=\u00a0\u00bbon\u00a0\u00bb border_style=\u00a0\u00bbsolid\u00a0\u00bb always_center_on_mobile=\u00a0\u00bbon\u00a0\u00bb global_colors_info=\u00a0\u00bb{}\u00a0\u00bb][\/et_pb_image][et_pb_image src=\u00a0\u00bbhttps:\/\/www.brunosrl.net\/wp-content\/uploads\/2018\/12\/rosso.png\u00a0\u00bb align_tablet=\u00a0\u00bbcenter\u00a0\u00bb align_phone=\u00a0\u00bbcenter\u00a0\u00bb align_last_edited=\u00a0\u00bbon|desktop\u00a0\u00bb _builder_version=\u00a0\u00bb4.16&Prime; animation=\u00a0\u00bboff\u00a0\u00bb sticky=\u00a0\u00bboff\u00a0\u00bb border_style=\u00a0\u00bbsolid\u00a0\u00bb always_center_on_mobile=\u00a0\u00bbon\u00a0\u00bb global_colors_info=\u00a0\u00bb{}\u00a0\u00bb][\/et_pb_image][\/et_pb_column][\/et_pb_row][\/et_pb_section][et_pb_section fb_built=\u00a0\u00bb1&Prime; _builder_version=\u00a0\u00bb4.16&Prime; custom_padding=\u00a0\u00bb0px|0px|0px|0px\u00a0\u00bb global_colors_info=\u00a0\u00bb{}\u00a0\u00bb][et_pb_row _builder_version=\u00a0\u00bb4.16&Prime; custom_margin=\u00a0\u00bb0px|0px|0px|0px\u00a0\u00bb custom_padding=\u00a0\u00bb0px|0px|0px|0px\u00a0\u00bb global_colors_info=\u00a0\u00bb{}\u00a0\u00bb][et_pb_column type=\u00a0\u00bb4_4&Prime; _builder_version=\u00a0\u00bb4.16&Prime; background_position=\u00a0\u00bbtop_left\u00a0\u00bb custom_padding=\u00a0\u00bb0px|0px|0px|0px\u00a0\u00bb global_colors_info=\u00a0\u00bb{}\u00a0\u00bb custom_padding__hover=\u00a0\u00bb|||\u00a0\u00bb][et_pb_text _builder_version=\u00a0\u00bb4.16&Prime; border_style=\u00a0\u00bbsolid\u00a0\u00bb global_colors_info=\u00a0\u00bb{}\u00a0\u00bb]<\/p>\n<h2 style=\"text-align: center;\"><img loading=\"lazy\" class=\"alignnone wp-image-78\" src=\"https:\/\/www.brunosrl.net\/wp-content\/uploads\/2018\/12\/marchio.png\" alt=\"\" width=\"60\" height=\"39\" \/><\/h2>\n<h2 style=\"text-align: center;\">O\u00f9 nous sommes<\/h2>\n<p>[\/et_pb_text][et_pb_code module_class=\u00a0\u00bbmappa\u00a0\u00bb _builder_version=\u00a0\u00bb4.16&Prime; custom_css_main_element=\u00a0\u00bbline-height:0px\u00a0\u00bb global_colors_info=\u00a0\u00bb{}\u00a0\u00bb]<iframe loading=\"lazy\" src=\"https:\/\/www.google.com\/maps\/embed?pb=!1m18!1m12!1m3!1d89713.55191893225!2d10.979270999304589!3d45.357925713131465!2m3!1f0!2f0!3f0!3m2!1i1024!2i768!4f13.1!3m3!1m2!1s0x477f673dcc3c7983%3A0x86e2f639d3ea7610!2sBRUNO+SRL!5e0!3m2!1sit!2sit!4v1544732162956\" width=\"100%\" height=\"400\" frameborder=\"0\" style=\"border:0\" allowfullscreen><\/iframe>[\/et_pb_code][et_pb_text module_class=\u00a0\u00bbfooter_custom\u00a0\u00bb _builder_version=\u00a0\u00bb4.16&Prime; border_style=\u00a0\u00bbsolid\u00a0\u00bb global_colors_info=\u00a0\u00bb{}\u00a0\u00bb]<\/p>\n<p style=\"text-align: center;\"><img loading=\"lazy\" class=\"alignnone wp-image-129\" src=\"https:\/\/www.brunosrl.net\/wp-content\/uploads\/2018\/12\/brunofooter-300x88.png\" alt=\"\" width=\"130\" height=\"38\" srcset=\"https:\/\/www.brunosrl.net\/wp-content\/uploads\/2018\/12\/brunofooter-300x88.png 300w, https:\/\/www.brunosrl.net\/wp-content\/uploads\/2018\/12\/brunofooter.png 400w\" sizes=\"(max-width: 130px) 100vw, 130px\" \/><br \/>\nVia Lino Lovo, 62 37050 &#8211; Vallese di Oppeano (VR) &#8211; I<br \/>\nTel.: +39 045 6984144 &#8211; Fax.: +39 045 6984145<br \/>\nE-Mail:\u00a0info@brunosrl.net<br \/>\nP.IVA 00721920239 &#8211; Codice SDI: M5ITOJA<\/p>\n<p style=\"text-align: center;\"><a href=\"https:\/\/www.brunosrl.net\/euroverde\/#\">privacy policy<\/a>\u00a0|\u00a0<a href=\"https:\/\/www.brunosrl.net\/euroverde\/#\">cookie policy<\/a><\/p>\n<p>[\/et_pb_text][\/et_pb_column][\/et_pb_row][\/et_pb_section]<\/p>\n","protected":false},"excerpt":{"rendered":"<p>L&rsquo;histoire, de 1978 \u00e0 aujourd&rsquo;hui Est n\u00e9e en 1978 l\u2019exportation de BRUNO, principalement avec destination Autriche, Apr\u00e8s une longue exp\u00e9rience dans le march\u00e9 des fruits et l\u00e9gumes en gros \u00e0 V\u00e9rone.BRUNO , ainsi que l\u2019exportation de la plus part de Europe, sert les march\u00e9s et un grand nombre de groupes les plus importants de GdO [&hellip;]<\/p>\n","protected":false},"author":1,"featured_media":0,"parent":0,"menu_order":0,"comment_status":"closed","ping_status":"closed","template":"","meta":{"_et_pb_use_builder":"on","_et_pb_old_content":"","_et_gb_content_width":""},"acf":[],"yoast_head":"<!-- This site is optimized with the Yoast SEO plugin v18.5.1 - https:\/\/yoast.com\/wordpress\/plugins\/seo\/ -->\n<title>D\u00e9couvrir Bruno &ndash; Bruno srl<\/title>\n<meta name=\"robots\" content=\"index, follow, max-snippet:-1, max-image-preview:large, max-video-preview:-1\" \/>\n<link rel=\"canonical\" href=\"https:\/\/www.brunosrl.net\/fr\/decouvrir-bruno\/\" \/>\n<meta property=\"og:locale\" content=\"fr_FR\" \/>\n<meta property=\"og:type\" content=\"article\" \/>\n<meta property=\"og:title\" content=\"D\u00e9couvrir Bruno &ndash; Bruno srl\" \/>\n<meta property=\"og:description\" content=\"L&#039;histoire, de 1978 \u00e0 aujourd&#039;hui Est n\u00e9e en 1978 l\u2019exportation de BRUNO, principalement avec destination Autriche, Apr\u00e8s une longue exp\u00e9rience dans le march\u00e9 des fruits et l\u00e9gumes en gros \u00e0 V\u00e9rone.BRUNO , ainsi que l\u2019exportation de la plus part de Europe, sert les march\u00e9s et un grand nombre de groupes les plus importants de GdO [&hellip;]\" \/>\n<meta property=\"og:url\" content=\"https:\/\/www.brunosrl.net\/fr\/decouvrir-bruno\/\" \/>\n<meta property=\"og:site_name\" content=\"Bruno srl\" \/>\n<meta property=\"article:publisher\" content=\"https:\/\/www.facebook.com\/Bruno-Srl-106046430967899\" \/>\n<meta property=\"article:modified_time\" content=\"2022-04-08T07:12:19+00:00\" \/>\n<meta property=\"og:image\" content=\"https:\/\/www.brunosrl.net\/wp-content\/uploads\/2018\/12\/marchio.png\" \/>\n<meta name=\"twitter:card\" content=\"summary_large_image\" \/>\n<meta name=\"twitter:label1\" content=\"Dur\u00e9e de lecture estim\u00e9e\" \/>\n\t<meta name=\"twitter:data1\" content=\"6 minutes\" \/>\n<script type=\"application\/ld+json\" class=\"yoast-schema-graph\">{\"@context\":\"https:\/\/schema.org\",\"@graph\":[{\"@type\":\"Organization\",\"@id\":\"https:\/\/www.brunosrl.net\/#organization\",\"name\":\"Bruno SRL\",\"url\":\"https:\/\/www.brunosrl.net\/\",\"sameAs\":[\"https:\/\/www.facebook.com\/Bruno-Srl-106046430967899\",\"https:\/\/www.instagram.com\/brunosrl_verona\/\",\"https:\/\/www.youtube.com\/channel\/UCR4I2HS8EnhGXWPO3Jcz5mQ\"],\"logo\":{\"@type\":\"ImageObject\",\"@id\":\"https:\/\/www.brunosrl.net\/#logo\",\"inLanguage\":\"fr-FR\",\"url\":\"https:\/\/www.brunosrl.net\/wp-content\/uploads\/2018\/12\/bruno.png\",\"contentUrl\":\"https:\/\/www.brunosrl.net\/wp-content\/uploads\/2018\/12\/bruno.png\",\"width\":800,\"height\":234,\"caption\":\"Bruno SRL\"},\"image\":{\"@id\":\"https:\/\/www.brunosrl.net\/#logo\"}},{\"@type\":\"WebSite\",\"@id\":\"https:\/\/www.brunosrl.net\/#website\",\"url\":\"https:\/\/www.brunosrl.net\/\",\"name\":\"Bruno srl\",\"description\":\"\",\"publisher\":{\"@id\":\"https:\/\/www.brunosrl.net\/#organization\"},\"potentialAction\":[{\"@type\":\"SearchAction\",\"target\":{\"@type\":\"EntryPoint\",\"urlTemplate\":\"https:\/\/www.brunosrl.net\/?s={search_term_string}\"},\"query-input\":\"required name=search_term_string\"}],\"inLanguage\":\"fr-FR\"},{\"@type\":\"ImageObject\",\"@id\":\"https:\/\/www.brunosrl.net\/fr\/decouvrir-bruno\/#primaryimage\",\"inLanguage\":\"fr-FR\",\"url\":\"https:\/\/www.brunosrl.net\/wp-content\/uploads\/2018\/12\/marchio.png\",\"contentUrl\":\"https:\/\/www.brunosrl.net\/wp-content\/uploads\/2018\/12\/marchio.png\",\"width\":200,\"height\":131},{\"@type\":\"WebPage\",\"@id\":\"https:\/\/www.brunosrl.net\/fr\/decouvrir-bruno\/#webpage\",\"url\":\"https:\/\/www.brunosrl.net\/fr\/decouvrir-bruno\/\",\"name\":\"D\u00e9couvrir Bruno &ndash; Bruno srl\",\"isPartOf\":{\"@id\":\"https:\/\/www.brunosrl.net\/#website\"},\"primaryImageOfPage\":{\"@id\":\"https:\/\/www.brunosrl.net\/fr\/decouvrir-bruno\/#primaryimage\"},\"datePublished\":\"2019-02-24T15:51:03+00:00\",\"dateModified\":\"2022-04-08T07:12:19+00:00\",\"breadcrumb\":{\"@id\":\"https:\/\/www.brunosrl.net\/fr\/decouvrir-bruno\/#breadcrumb\"},\"inLanguage\":\"fr-FR\",\"potentialAction\":[{\"@type\":\"ReadAction\",\"target\":[\"https:\/\/www.brunosrl.net\/fr\/decouvrir-bruno\/\"]}]},{\"@type\":\"BreadcrumbList\",\"@id\":\"https:\/\/www.brunosrl.net\/fr\/decouvrir-bruno\/#breadcrumb\",\"itemListElement\":[{\"@type\":\"ListItem\",\"position\":1,\"name\":\"Home\",\"item\":\"https:\/\/www.brunosrl.net\/\"},{\"@type\":\"ListItem\",\"position\":2,\"name\":\"D\u00e9couvrir Bruno\"}]}]}<\/script>\n<!-- \/ Yoast SEO plugin. -->","yoast_head_json":{"title":"D\u00e9couvrir Bruno &ndash; Bruno srl","robots":{"index":"index","follow":"follow","max-snippet":"max-snippet:-1","max-image-preview":"max-image-preview:large","max-video-preview":"max-video-preview:-1"},"canonical":"https:\/\/www.brunosrl.net\/fr\/decouvrir-bruno\/","og_locale":"fr_FR","og_type":"article","og_title":"D\u00e9couvrir Bruno &ndash; Bruno srl","og_description":"L'histoire, de 1978 \u00e0 aujourd'hui Est n\u00e9e en 1978 l\u2019exportation de BRUNO, principalement avec destination Autriche, Apr\u00e8s une longue exp\u00e9rience dans le march\u00e9 des fruits et l\u00e9gumes en gros \u00e0 V\u00e9rone.BRUNO , ainsi que l\u2019exportation de la plus part de Europe, sert les march\u00e9s et un grand nombre de groupes les plus importants de GdO [&hellip;]","og_url":"https:\/\/www.brunosrl.net\/fr\/decouvrir-bruno\/","og_site_name":"Bruno srl","article_publisher":"https:\/\/www.facebook.com\/Bruno-Srl-106046430967899","article_modified_time":"2022-04-08T07:12:19+00:00","og_image":[{"url":"https:\/\/www.brunosrl.net\/wp-content\/uploads\/2018\/12\/marchio.png"}],"twitter_card":"summary_large_image","twitter_misc":{"Dur\u00e9e de lecture estim\u00e9e":"6 minutes"},"schema":{"@context":"https:\/\/schema.org","@graph":[{"@type":"Organization","@id":"https:\/\/www.brunosrl.net\/#organization","name":"Bruno SRL","url":"https:\/\/www.brunosrl.net\/","sameAs":["https:\/\/www.facebook.com\/Bruno-Srl-106046430967899","https:\/\/www.instagram.com\/brunosrl_verona\/","https:\/\/www.youtube.com\/channel\/UCR4I2HS8EnhGXWPO3Jcz5mQ"],"logo":{"@type":"ImageObject","@id":"https:\/\/www.brunosrl.net\/#logo","inLanguage":"fr-FR","url":"https:\/\/www.brunosrl.net\/wp-content\/uploads\/2018\/12\/bruno.png","contentUrl":"https:\/\/www.brunosrl.net\/wp-content\/uploads\/2018\/12\/bruno.png","width":800,"height":234,"caption":"Bruno SRL"},"image":{"@id":"https:\/\/www.brunosrl.net\/#logo"}},{"@type":"WebSite","@id":"https:\/\/www.brunosrl.net\/#website","url":"https:\/\/www.brunosrl.net\/","name":"Bruno srl","description":"","publisher":{"@id":"https:\/\/www.brunosrl.net\/#organization"},"potentialAction":[{"@type":"SearchAction","target":{"@type":"EntryPoint","urlTemplate":"https:\/\/www.brunosrl.net\/?s={search_term_string}"},"query-input":"required name=search_term_string"}],"inLanguage":"fr-FR"},{"@type":"ImageObject","@id":"https:\/\/www.brunosrl.net\/fr\/decouvrir-bruno\/#primaryimage","inLanguage":"fr-FR","url":"https:\/\/www.brunosrl.net\/wp-content\/uploads\/2018\/12\/marchio.png","contentUrl":"https:\/\/www.brunosrl.net\/wp-content\/uploads\/2018\/12\/marchio.png","width":200,"height":131},{"@type":"WebPage","@id":"https:\/\/www.brunosrl.net\/fr\/decouvrir-bruno\/#webpage","url":"https:\/\/www.brunosrl.net\/fr\/decouvrir-bruno\/","name":"D\u00e9couvrir Bruno &ndash; Bruno srl","isPartOf":{"@id":"https:\/\/www.brunosrl.net\/#website"},"primaryImageOfPage":{"@id":"https:\/\/www.brunosrl.net\/fr\/decouvrir-bruno\/#primaryimage"},"datePublished":"2019-02-24T15:51:03+00:00","dateModified":"2022-04-08T07:12:19+00:00","breadcrumb":{"@id":"https:\/\/www.brunosrl.net\/fr\/decouvrir-bruno\/#breadcrumb"},"inLanguage":"fr-FR","potentialAction":[{"@type":"ReadAction","target":["https:\/\/www.brunosrl.net\/fr\/decouvrir-bruno\/"]}]},{"@type":"BreadcrumbList","@id":"https:\/\/www.brunosrl.net\/fr\/decouvrir-bruno\/#breadcrumb","itemListElement":[{"@type":"ListItem","position":1,"name":"Home","item":"https:\/\/www.brunosrl.net\/"},{"@type":"ListItem","position":2,"name":"D\u00e9couvrir Bruno"}]}]}},"_links":{"self":[{"href":"https:\/\/www.brunosrl.net\/fr\/wp-json\/wp\/v2\/pages\/724"}],"collection":[{"href":"https:\/\/www.brunosrl.net\/fr\/wp-json\/wp\/v2\/pages"}],"about":[{"href":"https:\/\/www.brunosrl.net\/fr\/wp-json\/wp\/v2\/types\/page"}],"author":[{"embeddable":true,"href":"https:\/\/www.brunosrl.net\/fr\/wp-json\/wp\/v2\/users\/1"}],"replies":[{"embeddable":true,"href":"https:\/\/www.brunosrl.net\/fr\/wp-json\/wp\/v2\/comments?post=724"}],"version-history":[{"count":9,"href":"https:\/\/www.brunosrl.net\/fr\/wp-json\/wp\/v2\/pages\/724\/revisions"}],"predecessor-version":[{"id":1949,"href":"https:\/\/www.brunosrl.net\/fr\/wp-json\/wp\/v2\/pages\/724\/revisions\/1949"}],"wp:attachment":[{"href":"https:\/\/www.brunosrl.net\/fr\/wp-json\/wp\/v2\/media?parent=724"}],"curies":[{"name":"wp","href":"https:\/\/api.w.org\/{rel}","templated":true}]}}