{"id":812,"date":"2019-02-24T17:08:27","date_gmt":"2019-02-24T16:08:27","guid":{"rendered":"https:\/\/www.brunosrl.net\/?page_id=812"},"modified":"2022-04-12T17:29:25","modified_gmt":"2022-04-12T15:29:25","slug":"tunoi","status":"publish","type":"page","link":"https:\/\/www.brunosrl.net\/es\/tunoi\/","title":{"rendered":"Tu&#038;Noi"},"content":{"rendered":"<p>[et_pb_section fb_built=\u00bb1&#8243; _builder_version=\u00bb4.16&#8243; custom_padding=\u00bb0px|0px|0px|0px\u00bb global_colors_info=\u00bb{}\u00bb][et_pb_row module_class=\u00bb et_pb_row_fullwidth\u00bb _builder_version=\u00bb4.16&#8243; width=\u00bb89%\u00bb width_tablet=\u00bb80%\u00bb width_last_edited=\u00bbon|desktop\u00bb max_width=\u00bb89%\u00bb max_width_tablet=\u00bb80%\u00bb max_width_last_edited=\u00bbon|desktop\u00bb custom_margin=\u00bb0px|0px|0px|0px\u00bb custom_padding=\u00bb0px|0px|0px|0px\u00bb make_fullwidth=\u00bbon\u00bb global_colors_info=\u00bb{}\u00bb width_phone=\u00bb80%\u00bb max_width_phone=\u00bb80%\u00bb][et_pb_column type=\u00bb4_4&#8243; _builder_version=\u00bb4.16&#8243; background_position=\u00bbtop_left\u00bb custom_padding=\u00bb0px|0px|0px|0px\u00bb global_colors_info=\u00bb{}\u00bb custom_padding__hover=\u00bb|||\u00bb][et_pb_image src=\u00bbhttps:\/\/www.brunosrl.net\/wp-content\/uploads\/2019\/01\/Senza-titolo-4.jpg\u00bb align_tablet=\u00bbcenter\u00bb align_last_edited=\u00bbon|desktop\u00bb _builder_version=\u00bb4.16&#8243; custom_margin=\u00bb80px||0px|\u00bb animation=\u00bboff\u00bb sticky=\u00bboff\u00bb border_style=\u00bbsolid\u00bb always_center_on_mobile=\u00bbon\u00bb global_colors_info=\u00bb{}\u00bb align_phone=\u00bbcenter\u00bb][\/et_pb_image][et_pb_image src=\u00bbhttps:\/\/www.brunosrl.net\/wp-content\/uploads\/2018\/12\/rosso.png\u00bb show_bottom_space=\u00bboff\u00bb align_tablet=\u00bbcenter\u00bb align_last_edited=\u00bbon|desktop\u00bb _builder_version=\u00bb4.16&#8243; custom_margin=\u00bb0px|0px|0px|0px\u00bb animation=\u00bboff\u00bb sticky=\u00bbon\u00bb border_style=\u00bbsolid\u00bb always_center_on_mobile=\u00bbon\u00bb global_colors_info=\u00bb{}\u00bb align_phone=\u00bbcenter\u00bb][\/et_pb_image][\/et_pb_column][\/et_pb_row][\/et_pb_section][et_pb_section fb_built=\u00bb1&#8243; _builder_version=\u00bb4.16&#8243; custom_padding=\u00bb40px|0px|0px|0px\u00bb global_colors_info=\u00bb{}\u00bb][et_pb_row module_class=\u00bbtext\u00bb _builder_version=\u00bb4.16&#8243; custom_margin=\u00bb0px|0px|20px|0px\u00bb custom_padding=\u00bb0px|0px|0px|0px\u00bb global_colors_info=\u00bb{}\u00bb][et_pb_column type=\u00bb4_4&#8243; _builder_version=\u00bb4.16&#8243; background_position=\u00bbtop_left\u00bb custom_padding=\u00bb0px|0px|20px|0px\u00bb global_colors_info=\u00bb{}\u00bb custom_padding__hover=\u00bb|||\u00bb][et_pb_image src=\u00bbhttps:\/\/www.brunosrl.net\/wp-content\/uploads\/2019\/01\/Senza-titolo-5.png\u00bb align=\u00bbcenter\u00bb align_tablet=\u00bbcenter\u00bb align_last_edited=\u00bbon|desktop\u00bb _builder_version=\u00bb4.16&#8243; max_width=\u00bb200px\u00bb animation=\u00bboff\u00bb sticky=\u00bboff\u00bb border_style=\u00bbsolid\u00bb always_center_on_mobile=\u00bbon\u00bb global_colors_info=\u00bb{}\u00bb align_phone=\u00bbcenter\u00bb][\/et_pb_image][et_pb_text _builder_version=\u00bb4.16&#8243; custom_margin=\u00bb0px|15%|0px|15%\u00bb custom_margin_tablet=\u00bb\u00bb custom_margin_phone=\u00bb0px|2%|0px|2%\u00bb custom_margin_last_edited=\u00bbon|desktop\u00bb border_style=\u00bbsolid\u00bb global_colors_info=\u00bb{}\u00bb]<\/p>\n<h2 style=\"text-align: center;\">Tu&amp;Noi: direttamente dalle nostre serre alle vostre tavole.<\/h2>\n<p style=\"text-align: center;\">TU &amp; NOI (Tu y Nosotros) es una nueva, importante empresa agr\u00edcola en Verona, la m\u00e1s extendida en cu\u00e1nto a invernaderos labrados a hortalizas. Se origin\u00f3 con la necesidad de unir la producci\u00f3n (\u201cTu\u201d, el productor) y el comercio (\u201cNosotros\u201d, Bruno srl) en un \u00fanico sujeto. Directamente de nuestros invernaderos a vuestras mesas. Productos, cantidad, tiempos, elaboraciones y embalajes se acuerdan directamente con el cliente final, con la m\u00e1xima flexibilidad y dinamismo en todas las fases. Con un grande y moderno almac\u00e9n abastecido de l\u00edneas de elaboraci\u00f3n, c\u00e1maras frigor\u00edficas y tramos de carga, provee a la inmediata preparaci\u00f3n y env\u00edo del producto. Se da garant\u00eda de calidad y frescor absoluto gracias a su posici\u00f3n geogr\u00e1fica que le permite entregar en tiempos breves. Est\u00e0 certificada Globalgap, Grasp e IFS.<\/p>\n<p>[\/et_pb_text][\/et_pb_column][\/et_pb_row][et_pb_row module_class=\u00bbdueimmagini\u00bb _builder_version=\u00bb4.16&#8243; width_unit=\u00bboff\u00bb global_colors_info=\u00bb{}\u00bb column_structure=\u00bb1_2,1_2&#8243;][et_pb_column type=\u00bb1_2&#8243; _builder_version=\u00bb4.16&#8243; background_position=\u00bbtop_left\u00bb custom_padding=\u00bb|||\u00bb global_colors_info=\u00bb{}\u00bb custom_padding__hover=\u00bb|||\u00bb][et_pb_image src=\u00bbhttps:\/\/www.brunosrl.net\/wp-content\/uploads\/2019\/01\/1.jpg\u00bb show_bottom_space=\u00bboff\u00bb align=\u00bbcenter\u00bb force_fullwidth=\u00bbon\u00bb align_tablet=\u00bbcenter\u00bb align_last_edited=\u00bbon|desktop\u00bb _builder_version=\u00bb4.16&#8243; animation=\u00bboff\u00bb sticky=\u00bbon\u00bb border_style=\u00bbsolid\u00bb always_center_on_mobile=\u00bbon\u00bb global_colors_info=\u00bb{}\u00bb align_phone=\u00bbcenter\u00bb][\/et_pb_image][\/et_pb_column][et_pb_column type=\u00bb1_2&#8243; _builder_version=\u00bb4.16&#8243; background_position=\u00bbtop_left\u00bb custom_padding=\u00bb|||\u00bb global_colors_info=\u00bb{}\u00bb custom_padding__hover=\u00bb|||\u00bb][et_pb_image src=\u00bbhttps:\/\/www.brunosrl.net\/wp-content\/uploads\/2019\/01\/2.jpg\u00bb show_bottom_space=\u00bboff\u00bb align=\u00bbcenter\u00bb force_fullwidth=\u00bbon\u00bb align_tablet=\u00bbcenter\u00bb align_last_edited=\u00bbon|desktop\u00bb _builder_version=\u00bb4.16&#8243; animation=\u00bboff\u00bb sticky=\u00bbon\u00bb border_style=\u00bbsolid\u00bb always_center_on_mobile=\u00bbon\u00bb global_colors_info=\u00bb{}\u00bb align_phone=\u00bbcenter\u00bb][\/et_pb_image][\/et_pb_column][\/et_pb_row][\/et_pb_section][et_pb_section fb_built=\u00bb1&#8243; _builder_version=\u00bb4.16&#8243; custom_padding=\u00bb0px|0px|0px|0px\u00bb global_colors_info=\u00bb{}\u00bb][et_pb_row _builder_version=\u00bb4.16&#8243; custom_margin=\u00bb0px|0px|0px|0px\u00bb custom_padding=\u00bb0px|0px|0px|0px\u00bb global_colors_info=\u00bb{}\u00bb][et_pb_column type=\u00bb4_4&#8243; _builder_version=\u00bb4.16&#8243; background_position=\u00bbtop_left\u00bb custom_padding=\u00bb0px|0px|0px|0px\u00bb global_colors_info=\u00bb{}\u00bb custom_padding__hover=\u00bb|||\u00bb][et_pb_text _builder_version=\u00bb4.16&#8243; border_style=\u00bbsolid\u00bb global_colors_info=\u00bb{}\u00bb]<\/p>\n<h2 style=\"text-align: center;\"><img loading=\"lazy\" class=\"alignnone wp-image-78\" src=\"https:\/\/www.brunosrl.net\/wp-content\/uploads\/2018\/12\/marchio.png\" alt=\"\" width=\"60\" height=\"39\" \/><\/h2>\n<h2 style=\"text-align: center;\">Donde estamos<\/h2>\n<p>[\/et_pb_text][et_pb_code module_class=\u00bbmappa\u00bb _builder_version=\u00bb4.17.0&#8243; hover_enabled=\u00bb0&#8243; custom_css_main_element=\u00bbline-height:0px\u00bb global_colors_info=\u00bb{}\u00bb sticky_enabled=\u00bb0&#8243;]<iframe loading=\"lazy\" src=\"https:\/\/www.google.com\/maps\/embed?pb=!1m18!1m12!1m3!1d11217.551590970445!2d11.077998288018307!3d45.340981519843844!2m3!1f0!2f0!3f0!3m2!1i1024!2i768!4f13.1!3m3!1m2!1s0x477f67a136105f5f%3A0x6149b8add2b835f1!2sVia+Roversola%2C+32%2C+37059+Roversola+VR!5e0!3m2!1sit!2sit!4v1548321416383\" width=\"100%\" height=\"450\" frameborder=\"0\" style=\"border:0\" allowfullscreen><\/iframe>[\/et_pb_code][et_pb_text module_id=\u00bbfooter_custom\u00bb module_class=\u00bbfooter_custom\u00bb _builder_version=\u00bb4.16&#8243; border_style=\u00bbsolid\u00bb global_colors_info=\u00bb{}\u00bb]<\/p>\n<p style=\"text-align: center;\"><strong>Tu&amp;Noi<\/strong><br \/>\nVia Roversola, 32 &#8211; 37059 Zevio (VR) &#8211; I<br \/>\nTel.: +39 045 6984144 &#8211; Fax.: +39 045 6984145<br \/>\nE-Mail:\u00a0agricolatuenoi@gmail.com<br \/>\nP.IVA 04469000238 &#8211; Codice SDI: M5UXCR1<\/p>\n<p style=\"text-align: center;\"><a href=\"https:\/\/www.brunosrl.net\/euroverde\/#\">privacy policy<\/a>\u00a0|\u00a0<a href=\"https:\/\/www.brunosrl.net\/euroverde\/#\">cookie policy<\/a><\/p>\n<p>[\/et_pb_text][\/et_pb_column][\/et_pb_row][\/et_pb_section]<\/p>\n","protected":false},"excerpt":{"rendered":"<p>Tu&amp;Noi: direttamente dalle nostre serre alle vostre tavole. TU &amp; NOI (Tu y Nosotros) es una nueva, importante empresa agr\u00edcola en Verona, la m\u00e1s extendida en cu\u00e1nto a invernaderos labrados a hortalizas. Se origin\u00f3 con la necesidad de unir la producci\u00f3n (\u201cTu\u201d, el productor) y el comercio (\u201cNosotros\u201d, Bruno srl) en un \u00fanico sujeto. Directamente [&hellip;]<\/p>\n","protected":false},"author":1,"featured_media":0,"parent":0,"menu_order":0,"comment_status":"closed","ping_status":"closed","template":"","meta":{"_et_pb_use_builder":"on","_et_pb_old_content":"","_et_gb_content_width":""},"acf":[],"yoast_head":"<!-- This site is optimized with the Yoast SEO plugin v18.5.1 - https:\/\/yoast.com\/wordpress\/plugins\/seo\/ -->\n<title>Tu&amp;Noi &ndash; Bruno srl<\/title>\n<meta name=\"robots\" content=\"index, follow, max-snippet:-1, max-image-preview:large, max-video-preview:-1\" \/>\n<link rel=\"canonical\" href=\"https:\/\/www.brunosrl.net\/es\/tunoi\/\" \/>\n<meta property=\"og:locale\" content=\"es_ES\" \/>\n<meta property=\"og:type\" content=\"article\" \/>\n<meta property=\"og:title\" content=\"Tu&amp;Noi &ndash; Bruno srl\" \/>\n<meta property=\"og:description\" content=\"Tu&amp;Noi: direttamente dalle nostre serre alle vostre tavole. TU &amp; NOI (Tu y Nosotros) es una nueva, importante empresa agr\u00edcola en Verona, la m\u00e1s extendida en cu\u00e1nto a invernaderos labrados a hortalizas. Se origin\u00f3 con la necesidad de unir la producci\u00f3n (\u201cTu\u201d, el productor) y el comercio (\u201cNosotros\u201d, Bruno srl) en un \u00fanico sujeto. Directamente [&hellip;]\" \/>\n<meta property=\"og:url\" content=\"https:\/\/www.brunosrl.net\/es\/tunoi\/\" \/>\n<meta property=\"og:site_name\" content=\"Bruno srl\" \/>\n<meta property=\"article:publisher\" content=\"https:\/\/www.facebook.com\/Bruno-Srl-106046430967899\" \/>\n<meta property=\"article:modified_time\" content=\"2022-04-12T15:29:25+00:00\" \/>\n<meta property=\"og:image\" content=\"https:\/\/www.brunosrl.net\/wp-content\/uploads\/2018\/12\/marchio.png\" \/>\n<meta name=\"twitter:card\" content=\"summary_large_image\" \/>\n<meta name=\"twitter:label1\" content=\"Tiempo de lectura\" \/>\n\t<meta name=\"twitter:data1\" content=\"4 minutos\" \/>\n<script type=\"application\/ld+json\" class=\"yoast-schema-graph\">{\"@context\":\"https:\/\/schema.org\",\"@graph\":[{\"@type\":\"Organization\",\"@id\":\"https:\/\/www.brunosrl.net\/#organization\",\"name\":\"Bruno SRL\",\"url\":\"https:\/\/www.brunosrl.net\/\",\"sameAs\":[\"https:\/\/www.facebook.com\/Bruno-Srl-106046430967899\",\"https:\/\/www.instagram.com\/brunosrl_verona\/\",\"https:\/\/www.youtube.com\/channel\/UCR4I2HS8EnhGXWPO3Jcz5mQ\"],\"logo\":{\"@type\":\"ImageObject\",\"@id\":\"https:\/\/www.brunosrl.net\/#logo\",\"inLanguage\":\"es\",\"url\":\"https:\/\/www.brunosrl.net\/wp-content\/uploads\/2018\/12\/bruno.png\",\"contentUrl\":\"https:\/\/www.brunosrl.net\/wp-content\/uploads\/2018\/12\/bruno.png\",\"width\":800,\"height\":234,\"caption\":\"Bruno SRL\"},\"image\":{\"@id\":\"https:\/\/www.brunosrl.net\/#logo\"}},{\"@type\":\"WebSite\",\"@id\":\"https:\/\/www.brunosrl.net\/#website\",\"url\":\"https:\/\/www.brunosrl.net\/\",\"name\":\"Bruno srl\",\"description\":\"\",\"publisher\":{\"@id\":\"https:\/\/www.brunosrl.net\/#organization\"},\"potentialAction\":[{\"@type\":\"SearchAction\",\"target\":{\"@type\":\"EntryPoint\",\"urlTemplate\":\"https:\/\/www.brunosrl.net\/?s={search_term_string}\"},\"query-input\":\"required name=search_term_string\"}],\"inLanguage\":\"es\"},{\"@type\":\"ImageObject\",\"@id\":\"https:\/\/www.brunosrl.net\/es\/tunoi\/#primaryimage\",\"inLanguage\":\"es\",\"url\":\"https:\/\/www.brunosrl.net\/wp-content\/uploads\/2018\/12\/marchio.png\",\"contentUrl\":\"https:\/\/www.brunosrl.net\/wp-content\/uploads\/2018\/12\/marchio.png\",\"width\":200,\"height\":131},{\"@type\":\"WebPage\",\"@id\":\"https:\/\/www.brunosrl.net\/es\/tunoi\/#webpage\",\"url\":\"https:\/\/www.brunosrl.net\/es\/tunoi\/\",\"name\":\"Tu&Noi &ndash; Bruno srl\",\"isPartOf\":{\"@id\":\"https:\/\/www.brunosrl.net\/#website\"},\"primaryImageOfPage\":{\"@id\":\"https:\/\/www.brunosrl.net\/es\/tunoi\/#primaryimage\"},\"datePublished\":\"2019-02-24T16:08:27+00:00\",\"dateModified\":\"2022-04-12T15:29:25+00:00\",\"breadcrumb\":{\"@id\":\"https:\/\/www.brunosrl.net\/es\/tunoi\/#breadcrumb\"},\"inLanguage\":\"es\",\"potentialAction\":[{\"@type\":\"ReadAction\",\"target\":[\"https:\/\/www.brunosrl.net\/es\/tunoi\/\"]}]},{\"@type\":\"BreadcrumbList\",\"@id\":\"https:\/\/www.brunosrl.net\/es\/tunoi\/#breadcrumb\",\"itemListElement\":[{\"@type\":\"ListItem\",\"position\":1,\"name\":\"Home\",\"item\":\"https:\/\/www.brunosrl.net\/\"},{\"@type\":\"ListItem\",\"position\":2,\"name\":\"Tu&#038;Noi\"}]}]}<\/script>\n<!-- \/ Yoast SEO plugin. -->","yoast_head_json":{"title":"Tu&Noi &ndash; Bruno srl","robots":{"index":"index","follow":"follow","max-snippet":"max-snippet:-1","max-image-preview":"max-image-preview:large","max-video-preview":"max-video-preview:-1"},"canonical":"https:\/\/www.brunosrl.net\/es\/tunoi\/","og_locale":"es_ES","og_type":"article","og_title":"Tu&Noi &ndash; Bruno srl","og_description":"Tu&amp;Noi: direttamente dalle nostre serre alle vostre tavole. TU &amp; NOI (Tu y Nosotros) es una nueva, importante empresa agr\u00edcola en Verona, la m\u00e1s extendida en cu\u00e1nto a invernaderos labrados a hortalizas. Se origin\u00f3 con la necesidad de unir la producci\u00f3n (\u201cTu\u201d, el productor) y el comercio (\u201cNosotros\u201d, Bruno srl) en un \u00fanico sujeto. Directamente [&hellip;]","og_url":"https:\/\/www.brunosrl.net\/es\/tunoi\/","og_site_name":"Bruno srl","article_publisher":"https:\/\/www.facebook.com\/Bruno-Srl-106046430967899","article_modified_time":"2022-04-12T15:29:25+00:00","og_image":[{"url":"https:\/\/www.brunosrl.net\/wp-content\/uploads\/2018\/12\/marchio.png"}],"twitter_card":"summary_large_image","twitter_misc":{"Tiempo de lectura":"4 minutos"},"schema":{"@context":"https:\/\/schema.org","@graph":[{"@type":"Organization","@id":"https:\/\/www.brunosrl.net\/#organization","name":"Bruno SRL","url":"https:\/\/www.brunosrl.net\/","sameAs":["https:\/\/www.facebook.com\/Bruno-Srl-106046430967899","https:\/\/www.instagram.com\/brunosrl_verona\/","https:\/\/www.youtube.com\/channel\/UCR4I2HS8EnhGXWPO3Jcz5mQ"],"logo":{"@type":"ImageObject","@id":"https:\/\/www.brunosrl.net\/#logo","inLanguage":"es","url":"https:\/\/www.brunosrl.net\/wp-content\/uploads\/2018\/12\/bruno.png","contentUrl":"https:\/\/www.brunosrl.net\/wp-content\/uploads\/2018\/12\/bruno.png","width":800,"height":234,"caption":"Bruno SRL"},"image":{"@id":"https:\/\/www.brunosrl.net\/#logo"}},{"@type":"WebSite","@id":"https:\/\/www.brunosrl.net\/#website","url":"https:\/\/www.brunosrl.net\/","name":"Bruno srl","description":"","publisher":{"@id":"https:\/\/www.brunosrl.net\/#organization"},"potentialAction":[{"@type":"SearchAction","target":{"@type":"EntryPoint","urlTemplate":"https:\/\/www.brunosrl.net\/?s={search_term_string}"},"query-input":"required name=search_term_string"}],"inLanguage":"es"},{"@type":"ImageObject","@id":"https:\/\/www.brunosrl.net\/es\/tunoi\/#primaryimage","inLanguage":"es","url":"https:\/\/www.brunosrl.net\/wp-content\/uploads\/2018\/12\/marchio.png","contentUrl":"https:\/\/www.brunosrl.net\/wp-content\/uploads\/2018\/12\/marchio.png","width":200,"height":131},{"@type":"WebPage","@id":"https:\/\/www.brunosrl.net\/es\/tunoi\/#webpage","url":"https:\/\/www.brunosrl.net\/es\/tunoi\/","name":"Tu&Noi &ndash; Bruno srl","isPartOf":{"@id":"https:\/\/www.brunosrl.net\/#website"},"primaryImageOfPage":{"@id":"https:\/\/www.brunosrl.net\/es\/tunoi\/#primaryimage"},"datePublished":"2019-02-24T16:08:27+00:00","dateModified":"2022-04-12T15:29:25+00:00","breadcrumb":{"@id":"https:\/\/www.brunosrl.net\/es\/tunoi\/#breadcrumb"},"inLanguage":"es","potentialAction":[{"@type":"ReadAction","target":["https:\/\/www.brunosrl.net\/es\/tunoi\/"]}]},{"@type":"BreadcrumbList","@id":"https:\/\/www.brunosrl.net\/es\/tunoi\/#breadcrumb","itemListElement":[{"@type":"ListItem","position":1,"name":"Home","item":"https:\/\/www.brunosrl.net\/"},{"@type":"ListItem","position":2,"name":"Tu&#038;Noi"}]}]}},"_links":{"self":[{"href":"https:\/\/www.brunosrl.net\/es\/wp-json\/wp\/v2\/pages\/812"}],"collection":[{"href":"https:\/\/www.brunosrl.net\/es\/wp-json\/wp\/v2\/pages"}],"about":[{"href":"https:\/\/www.brunosrl.net\/es\/wp-json\/wp\/v2\/types\/page"}],"author":[{"embeddable":true,"href":"https:\/\/www.brunosrl.net\/es\/wp-json\/wp\/v2\/users\/1"}],"replies":[{"embeddable":true,"href":"https:\/\/www.brunosrl.net\/es\/wp-json\/wp\/v2\/comments?post=812"}],"version-history":[{"count":4,"href":"https:\/\/www.brunosrl.net\/es\/wp-json\/wp\/v2\/pages\/812\/revisions"}],"predecessor-version":[{"id":1981,"href":"https:\/\/www.brunosrl.net\/es\/wp-json\/wp\/v2\/pages\/812\/revisions\/1981"}],"wp:attachment":[{"href":"https:\/\/www.brunosrl.net\/es\/wp-json\/wp\/v2\/media?parent=812"}],"curies":[{"name":"wp","href":"https:\/\/api.w.org\/{rel}","templated":true}]}}