{"id":792,"date":"2019-02-24T17:04:27","date_gmt":"2019-02-24T16:04:27","guid":{"rendered":"https:\/\/www.brunosrl.net\/?page_id=792"},"modified":"2022-04-12T17:34:51","modified_gmt":"2022-04-12T15:34:51","slug":"agricola-bruno","status":"publish","type":"page","link":"https:\/\/www.brunosrl.net\/es\/agricola-bruno\/","title":{"rendered":"Agricola Bruno"},"content":{"rendered":"<p>[et_pb_section fb_built=\u00bb1&#8243; _builder_version=\u00bb4.16&#8243; custom_padding=\u00bb0px|0px|0px|0px\u00bb global_colors_info=\u00bb{}\u00bb][et_pb_row module_class=\u00bb et_pb_row_fullwidth\u00bb _builder_version=\u00bb4.16&#8243; width=\u00bb89%\u00bb width_tablet=\u00bb80%\u00bb width_last_edited=\u00bbon|desktop\u00bb max_width=\u00bb89%\u00bb max_width_tablet=\u00bb80%\u00bb max_width_last_edited=\u00bbon|desktop\u00bb custom_margin=\u00bb0px|0px|0px|0px\u00bb custom_padding=\u00bb0px|0px|0px|0px\u00bb make_fullwidth=\u00bbon\u00bb global_colors_info=\u00bb{}\u00bb width_phone=\u00bb80%\u00bb max_width_phone=\u00bb80%\u00bb][et_pb_column type=\u00bb4_4&#8243; _builder_version=\u00bb4.16&#8243; background_position=\u00bbtop_left\u00bb custom_padding=\u00bb0px|0px|0px|0px\u00bb global_colors_info=\u00bb{}\u00bb custom_padding__hover=\u00bb|||\u00bb][et_pb_image src=\u00bbhttps:\/\/www.brunosrl.net\/wp-content\/uploads\/2019\/01\/Senza-titolo-1.jpg\u00bb align_tablet=\u00bbcenter\u00bb align_last_edited=\u00bbon|desktop\u00bb _builder_version=\u00bb4.16&#8243; custom_margin=\u00bb80px||0px|\u00bb animation=\u00bboff\u00bb sticky=\u00bboff\u00bb border_style=\u00bbsolid\u00bb always_center_on_mobile=\u00bbon\u00bb global_colors_info=\u00bb{}\u00bb align_phone=\u00bbcenter\u00bb][\/et_pb_image][et_pb_image src=\u00bbhttps:\/\/www.brunosrl.net\/wp-content\/uploads\/2018\/12\/rosso.png\u00bb show_bottom_space=\u00bboff\u00bb align_tablet=\u00bbcenter\u00bb align_last_edited=\u00bbon|desktop\u00bb _builder_version=\u00bb4.16&#8243; custom_margin=\u00bb0px|0px|0px|0px\u00bb animation=\u00bboff\u00bb sticky=\u00bbon\u00bb border_style=\u00bbsolid\u00bb always_center_on_mobile=\u00bbon\u00bb global_colors_info=\u00bb{}\u00bb align_phone=\u00bbcenter\u00bb][\/et_pb_image][\/et_pb_column][\/et_pb_row][\/et_pb_section][et_pb_section fb_built=\u00bb1&#8243; _builder_version=\u00bb4.16&#8243; custom_padding=\u00bb40px|0px|0px|0px\u00bb global_colors_info=\u00bb{}\u00bb][et_pb_row module_class=\u00bbtext\u00bb _builder_version=\u00bb4.16&#8243; custom_margin=\u00bb0px|0px|20px|0px\u00bb custom_padding=\u00bb0px|0px|0px|0px\u00bb global_colors_info=\u00bb{}\u00bb][et_pb_column type=\u00bb4_4&#8243; _builder_version=\u00bb4.16&#8243; background_position=\u00bbtop_left\u00bb custom_padding=\u00bb0px|0px|20px|0px\u00bb global_colors_info=\u00bb{}\u00bb custom_padding__hover=\u00bb|||\u00bb][et_pb_image src=\u00bbhttps:\/\/www.brunosrl.net\/wp-content\/uploads\/2019\/01\/bruno-1.png\u00bb show_bottom_space=\u00bboff\u00bb align=\u00bbcenter\u00bb align_tablet=\u00bbcenter\u00bb align_last_edited=\u00bbon|desktop\u00bb _builder_version=\u00bb4.16&#8243; max_width=\u00bb300px\u00bb animation=\u00bboff\u00bb sticky=\u00bbon\u00bb border_style=\u00bbsolid\u00bb always_center_on_mobile=\u00bbon\u00bb global_colors_info=\u00bb{}\u00bb align_phone=\u00bbcenter\u00bb][\/et_pb_image][et_pb_text _builder_version=\u00bb4.16&#8243; custom_margin=\u00bb0px|15%|0px|15%\u00bb custom_margin_tablet=\u00bb\u00bb custom_margin_phone=\u00bb0px|2%|0px|2%\u00bb custom_margin_last_edited=\u00bbon|desktop\u00bb border_style=\u00bbsolid\u00bb global_colors_info=\u00bb{}\u00bb]<\/p>\n<h2 style=\"text-align: center;\">Bruno tambien es: Agricola Bruno<\/h2>\n<p style=\"text-align: center;\">Azienda Agricola Bruno, que se extiende alrededor de nuestra sede operativa, es especializada en la producci\u00f3n de kiwi y es nuestra estrecha conecci\u00f3n a la realidad del mundo agr\u00eccola. Las mejores frutas de nuestros \u00e0rboles directamente sobre vuestra mesa, con el frescor y la economicidad de una corta cadena de suministro.<\/p>\n<p>[\/et_pb_text][\/et_pb_column][\/et_pb_row][et_pb_row module_class=\u00bbimgfullwidth\u00bb _builder_version=\u00bb4.16&#8243; global_colors_info=\u00bb{}\u00bb][et_pb_column type=\u00bb4_4&#8243; _builder_version=\u00bb4.16&#8243; background_position=\u00bbtop_left\u00bb custom_padding=\u00bb|||\u00bb global_colors_info=\u00bb{}\u00bb custom_padding__hover=\u00bb|||\u00bb][et_pb_image src=\u00bbhttps:\/\/www.brunosrl.net\/wp-content\/uploads\/2019\/01\/Senza-titolo-6-1.jpg\u00bb show_bottom_space=\u00bboff\u00bb align_tablet=\u00bbcenter\u00bb align_last_edited=\u00bbon|desktop\u00bb _builder_version=\u00bb4.16&#8243; animation=\u00bboff\u00bb sticky=\u00bbon\u00bb border_style=\u00bbsolid\u00bb always_center_on_mobile=\u00bbon\u00bb global_colors_info=\u00bb{}\u00bb align_phone=\u00bbcenter\u00bb][\/et_pb_image][et_pb_image src=\u00bbhttps:\/\/www.brunosrl.net\/wp-content\/uploads\/2018\/12\/verde.png\u00bb align_tablet=\u00bbcenter\u00bb align_last_edited=\u00bbon|desktop\u00bb _builder_version=\u00bb4.16&#8243; animation=\u00bboff\u00bb sticky=\u00bboff\u00bb border_style=\u00bbsolid\u00bb always_center_on_mobile=\u00bbon\u00bb global_colors_info=\u00bb{}\u00bb align_phone=\u00bbcenter\u00bb][\/et_pb_image][\/et_pb_column][\/et_pb_row][\/et_pb_section][et_pb_section fb_built=\u00bb1&#8243; _builder_version=\u00bb4.16&#8243; custom_padding=\u00bb0px|0px|0px|0px\u00bb global_colors_info=\u00bb{}\u00bb][et_pb_row _builder_version=\u00bb4.16&#8243; custom_margin=\u00bb0px|0px|0px|0px\u00bb custom_padding=\u00bb0px|0px|0px|0px\u00bb global_colors_info=\u00bb{}\u00bb][et_pb_column type=\u00bb4_4&#8243; _builder_version=\u00bb4.16&#8243; background_position=\u00bbtop_left\u00bb custom_padding=\u00bb0px|0px|0px|0px\u00bb global_colors_info=\u00bb{}\u00bb custom_padding__hover=\u00bb|||\u00bb][et_pb_text _builder_version=\u00bb4.16&#8243; border_style=\u00bbsolid\u00bb global_colors_info=\u00bb{}\u00bb]<\/p>\n<h2 style=\"text-align: center;\"><img loading=\"lazy\" class=\"alignnone wp-image-78\" src=\"https:\/\/www.brunosrl.net\/wp-content\/uploads\/2018\/12\/marchio.png\" alt=\"\" width=\"60\" height=\"39\" \/><\/h2>\n<h2 style=\"text-align: center;\">Donde estamos<\/h2>\n<p>[\/et_pb_text][et_pb_code module_class=\u00bbmappa\u00bb _builder_version=\u00bb4.17.0&#8243; hover_enabled=\u00bb0&#8243; custom_css_main_element=\u00bbline-height:0px\u00bb global_colors_info=\u00bb{}\u00bb sticky_enabled=\u00bb0&#8243;]<iframe loading=\"lazy\" src=\"https:\/\/www.google.com\/maps\/embed?pb=!1m18!1m12!1m3!1d89713.55191893225!2d10.979270999304589!3d45.357925713131465!2m3!1f0!2f0!3f0!3m2!1i1024!2i768!4f13.1!3m3!1m2!1s0x477f673dcc3c7983%3A0x86e2f639d3ea7610!2sBRUNO+SRL!5e0!3m2!1sit!2sit!4v1544732162956\" width=\"100%\" height=\"400\" frameborder=\"0\" style=\"border:0\" allowfullscreen><\/iframe>[\/et_pb_code][et_pb_text module_id=\u00bbfooter_custom\u00bb module_class=\u00bbfooter_custom\u00bb _builder_version=\u00bb4.16&#8243; border_style=\u00bbsolid\u00bb global_colors_info=\u00bb{}\u00bb]<\/p>\n<p style=\"text-align: center;\"><strong>Agricola Bruno<\/strong><br \/>\nVia Lino Lovo, 62 &#8211; 37050 Vallese di Oppeano (VR) &#8211; I<br \/>\nTel.: +39 045 6984144 &#8211; Fax.: +39 045 6984145<br \/>\nE-Mail:\u00a0info@brunosrl.net<br \/>\nP.IVA 02340050232 &#8211; Codice SDI: M5ITOJA<\/p>\n<p style=\"text-align: center;\"><a href=\"https:\/\/www.brunosrl.net\/euroverde\/#\">privacy policy<\/a>\u00a0|\u00a0<a href=\"https:\/\/www.brunosrl.net\/euroverde\/#\">cookie policy<\/a><\/p>\n<p>[\/et_pb_text][\/et_pb_column][\/et_pb_row][\/et_pb_section]<\/p>\n","protected":false},"excerpt":{"rendered":"<p>Bruno tambien es: Agricola Bruno Azienda Agricola Bruno, que se extiende alrededor de nuestra sede operativa, es especializada en la producci\u00f3n de kiwi y es nuestra estrecha conecci\u00f3n a la realidad del mundo agr\u00eccola. Las mejores frutas de nuestros \u00e0rboles directamente sobre vuestra mesa, con el frescor y la economicidad de una corta cadena de [&hellip;]<\/p>\n","protected":false},"author":1,"featured_media":0,"parent":0,"menu_order":0,"comment_status":"closed","ping_status":"closed","template":"","meta":{"_et_pb_use_builder":"on","_et_pb_old_content":"","_et_gb_content_width":""},"acf":[],"yoast_head":"<!-- This site is optimized with the Yoast SEO plugin v18.5.1 - https:\/\/yoast.com\/wordpress\/plugins\/seo\/ -->\n<title>Agricola Bruno &ndash; Bruno srl<\/title>\n<meta name=\"robots\" content=\"index, follow, max-snippet:-1, max-image-preview:large, max-video-preview:-1\" \/>\n<link rel=\"canonical\" href=\"https:\/\/www.brunosrl.net\/es\/agricola-bruno\/\" \/>\n<meta property=\"og:locale\" content=\"es_ES\" \/>\n<meta property=\"og:type\" content=\"article\" \/>\n<meta property=\"og:title\" content=\"Agricola Bruno &ndash; Bruno srl\" \/>\n<meta property=\"og:description\" content=\"Bruno tambien es: Agricola Bruno Azienda Agricola Bruno, que se extiende alrededor de nuestra sede operativa, es especializada en la producci\u00f3n de kiwi y es nuestra estrecha conecci\u00f3n a la realidad del mundo agr\u00eccola. Las mejores frutas de nuestros \u00e0rboles directamente sobre vuestra mesa, con el frescor y la economicidad de una corta cadena de [&hellip;]\" \/>\n<meta property=\"og:url\" content=\"https:\/\/www.brunosrl.net\/es\/agricola-bruno\/\" \/>\n<meta property=\"og:site_name\" content=\"Bruno srl\" \/>\n<meta property=\"article:publisher\" content=\"https:\/\/www.facebook.com\/Bruno-Srl-106046430967899\" \/>\n<meta property=\"article:modified_time\" content=\"2022-04-12T15:34:51+00:00\" \/>\n<meta property=\"og:image\" content=\"https:\/\/www.brunosrl.net\/wp-content\/uploads\/2018\/12\/marchio.png\" \/>\n<meta name=\"twitter:card\" content=\"summary_large_image\" \/>\n<meta name=\"twitter:label1\" content=\"Tiempo de lectura\" \/>\n\t<meta name=\"twitter:data1\" content=\"3 minutos\" \/>\n<script type=\"application\/ld+json\" class=\"yoast-schema-graph\">{\"@context\":\"https:\/\/schema.org\",\"@graph\":[{\"@type\":\"Organization\",\"@id\":\"https:\/\/www.brunosrl.net\/#organization\",\"name\":\"Bruno SRL\",\"url\":\"https:\/\/www.brunosrl.net\/\",\"sameAs\":[\"https:\/\/www.facebook.com\/Bruno-Srl-106046430967899\",\"https:\/\/www.instagram.com\/brunosrl_verona\/\",\"https:\/\/www.youtube.com\/channel\/UCR4I2HS8EnhGXWPO3Jcz5mQ\"],\"logo\":{\"@type\":\"ImageObject\",\"@id\":\"https:\/\/www.brunosrl.net\/#logo\",\"inLanguage\":\"es\",\"url\":\"https:\/\/www.brunosrl.net\/wp-content\/uploads\/2018\/12\/bruno.png\",\"contentUrl\":\"https:\/\/www.brunosrl.net\/wp-content\/uploads\/2018\/12\/bruno.png\",\"width\":800,\"height\":234,\"caption\":\"Bruno SRL\"},\"image\":{\"@id\":\"https:\/\/www.brunosrl.net\/#logo\"}},{\"@type\":\"WebSite\",\"@id\":\"https:\/\/www.brunosrl.net\/#website\",\"url\":\"https:\/\/www.brunosrl.net\/\",\"name\":\"Bruno srl\",\"description\":\"\",\"publisher\":{\"@id\":\"https:\/\/www.brunosrl.net\/#organization\"},\"potentialAction\":[{\"@type\":\"SearchAction\",\"target\":{\"@type\":\"EntryPoint\",\"urlTemplate\":\"https:\/\/www.brunosrl.net\/?s={search_term_string}\"},\"query-input\":\"required name=search_term_string\"}],\"inLanguage\":\"es\"},{\"@type\":\"ImageObject\",\"@id\":\"https:\/\/www.brunosrl.net\/es\/agricola-bruno\/#primaryimage\",\"inLanguage\":\"es\",\"url\":\"https:\/\/www.brunosrl.net\/wp-content\/uploads\/2018\/12\/marchio.png\",\"contentUrl\":\"https:\/\/www.brunosrl.net\/wp-content\/uploads\/2018\/12\/marchio.png\",\"width\":200,\"height\":131},{\"@type\":\"WebPage\",\"@id\":\"https:\/\/www.brunosrl.net\/es\/agricola-bruno\/#webpage\",\"url\":\"https:\/\/www.brunosrl.net\/es\/agricola-bruno\/\",\"name\":\"Agricola Bruno &ndash; Bruno srl\",\"isPartOf\":{\"@id\":\"https:\/\/www.brunosrl.net\/#website\"},\"primaryImageOfPage\":{\"@id\":\"https:\/\/www.brunosrl.net\/es\/agricola-bruno\/#primaryimage\"},\"datePublished\":\"2019-02-24T16:04:27+00:00\",\"dateModified\":\"2022-04-12T15:34:51+00:00\",\"breadcrumb\":{\"@id\":\"https:\/\/www.brunosrl.net\/es\/agricola-bruno\/#breadcrumb\"},\"inLanguage\":\"es\",\"potentialAction\":[{\"@type\":\"ReadAction\",\"target\":[\"https:\/\/www.brunosrl.net\/es\/agricola-bruno\/\"]}]},{\"@type\":\"BreadcrumbList\",\"@id\":\"https:\/\/www.brunosrl.net\/es\/agricola-bruno\/#breadcrumb\",\"itemListElement\":[{\"@type\":\"ListItem\",\"position\":1,\"name\":\"Home\",\"item\":\"https:\/\/www.brunosrl.net\/\"},{\"@type\":\"ListItem\",\"position\":2,\"name\":\"Agricola Bruno\"}]}]}<\/script>\n<!-- \/ Yoast SEO plugin. -->","yoast_head_json":{"title":"Agricola Bruno &ndash; Bruno srl","robots":{"index":"index","follow":"follow","max-snippet":"max-snippet:-1","max-image-preview":"max-image-preview:large","max-video-preview":"max-video-preview:-1"},"canonical":"https:\/\/www.brunosrl.net\/es\/agricola-bruno\/","og_locale":"es_ES","og_type":"article","og_title":"Agricola Bruno &ndash; Bruno srl","og_description":"Bruno tambien es: Agricola Bruno Azienda Agricola Bruno, que se extiende alrededor de nuestra sede operativa, es especializada en la producci\u00f3n de kiwi y es nuestra estrecha conecci\u00f3n a la realidad del mundo agr\u00eccola. Las mejores frutas de nuestros \u00e0rboles directamente sobre vuestra mesa, con el frescor y la economicidad de una corta cadena de [&hellip;]","og_url":"https:\/\/www.brunosrl.net\/es\/agricola-bruno\/","og_site_name":"Bruno srl","article_publisher":"https:\/\/www.facebook.com\/Bruno-Srl-106046430967899","article_modified_time":"2022-04-12T15:34:51+00:00","og_image":[{"url":"https:\/\/www.brunosrl.net\/wp-content\/uploads\/2018\/12\/marchio.png"}],"twitter_card":"summary_large_image","twitter_misc":{"Tiempo de lectura":"3 minutos"},"schema":{"@context":"https:\/\/schema.org","@graph":[{"@type":"Organization","@id":"https:\/\/www.brunosrl.net\/#organization","name":"Bruno SRL","url":"https:\/\/www.brunosrl.net\/","sameAs":["https:\/\/www.facebook.com\/Bruno-Srl-106046430967899","https:\/\/www.instagram.com\/brunosrl_verona\/","https:\/\/www.youtube.com\/channel\/UCR4I2HS8EnhGXWPO3Jcz5mQ"],"logo":{"@type":"ImageObject","@id":"https:\/\/www.brunosrl.net\/#logo","inLanguage":"es","url":"https:\/\/www.brunosrl.net\/wp-content\/uploads\/2018\/12\/bruno.png","contentUrl":"https:\/\/www.brunosrl.net\/wp-content\/uploads\/2018\/12\/bruno.png","width":800,"height":234,"caption":"Bruno SRL"},"image":{"@id":"https:\/\/www.brunosrl.net\/#logo"}},{"@type":"WebSite","@id":"https:\/\/www.brunosrl.net\/#website","url":"https:\/\/www.brunosrl.net\/","name":"Bruno srl","description":"","publisher":{"@id":"https:\/\/www.brunosrl.net\/#organization"},"potentialAction":[{"@type":"SearchAction","target":{"@type":"EntryPoint","urlTemplate":"https:\/\/www.brunosrl.net\/?s={search_term_string}"},"query-input":"required name=search_term_string"}],"inLanguage":"es"},{"@type":"ImageObject","@id":"https:\/\/www.brunosrl.net\/es\/agricola-bruno\/#primaryimage","inLanguage":"es","url":"https:\/\/www.brunosrl.net\/wp-content\/uploads\/2018\/12\/marchio.png","contentUrl":"https:\/\/www.brunosrl.net\/wp-content\/uploads\/2018\/12\/marchio.png","width":200,"height":131},{"@type":"WebPage","@id":"https:\/\/www.brunosrl.net\/es\/agricola-bruno\/#webpage","url":"https:\/\/www.brunosrl.net\/es\/agricola-bruno\/","name":"Agricola Bruno &ndash; Bruno srl","isPartOf":{"@id":"https:\/\/www.brunosrl.net\/#website"},"primaryImageOfPage":{"@id":"https:\/\/www.brunosrl.net\/es\/agricola-bruno\/#primaryimage"},"datePublished":"2019-02-24T16:04:27+00:00","dateModified":"2022-04-12T15:34:51+00:00","breadcrumb":{"@id":"https:\/\/www.brunosrl.net\/es\/agricola-bruno\/#breadcrumb"},"inLanguage":"es","potentialAction":[{"@type":"ReadAction","target":["https:\/\/www.brunosrl.net\/es\/agricola-bruno\/"]}]},{"@type":"BreadcrumbList","@id":"https:\/\/www.brunosrl.net\/es\/agricola-bruno\/#breadcrumb","itemListElement":[{"@type":"ListItem","position":1,"name":"Home","item":"https:\/\/www.brunosrl.net\/"},{"@type":"ListItem","position":2,"name":"Agricola Bruno"}]}]}},"_links":{"self":[{"href":"https:\/\/www.brunosrl.net\/es\/wp-json\/wp\/v2\/pages\/792"}],"collection":[{"href":"https:\/\/www.brunosrl.net\/es\/wp-json\/wp\/v2\/pages"}],"about":[{"href":"https:\/\/www.brunosrl.net\/es\/wp-json\/wp\/v2\/types\/page"}],"author":[{"embeddable":true,"href":"https:\/\/www.brunosrl.net\/es\/wp-json\/wp\/v2\/users\/1"}],"replies":[{"embeddable":true,"href":"https:\/\/www.brunosrl.net\/es\/wp-json\/wp\/v2\/comments?post=792"}],"version-history":[{"count":5,"href":"https:\/\/www.brunosrl.net\/es\/wp-json\/wp\/v2\/pages\/792\/revisions"}],"predecessor-version":[{"id":1990,"href":"https:\/\/www.brunosrl.net\/es\/wp-json\/wp\/v2\/pages\/792\/revisions\/1990"}],"wp:attachment":[{"href":"https:\/\/www.brunosrl.net\/es\/wp-json\/wp\/v2\/media?parent=792"}],"curies":[{"name":"wp","href":"https:\/\/api.w.org\/{rel}","templated":true}]}}