{"id":750,"date":"2019-02-24T16:58:42","date_gmt":"2019-02-24T15:58:42","guid":{"rendered":"https:\/\/www.brunosrl.net\/?page_id=750"},"modified":"2022-04-12T17:27:56","modified_gmt":"2022-04-12T15:27:56","slug":"euroverde","status":"publish","type":"page","link":"https:\/\/www.brunosrl.net\/de\/euroverde\/","title":{"rendered":"Euroverde"},"content":{"rendered":"<p>[et_pb_section fb_built=&#8220;1&#8243; _builder_version=&#8220;4.16&#8243; custom_padding=&#8220;0px|0px|0px|0px&#8220; global_colors_info=&#8220;{}&#8220;][et_pb_row module_class=&#8220; et_pb_row_fullwidth&#8220; _builder_version=&#8220;4.16&#8243; width=&#8220;89%&#8220; width_tablet=&#8220;80%&#8220; width_last_edited=&#8220;on|desktop&#8220; max_width=&#8220;89%&#8220; max_width_tablet=&#8220;80%&#8220; max_width_last_edited=&#8220;on|desktop&#8220; custom_margin=&#8220;0px|0px|0px|0px&#8220; custom_padding=&#8220;0px|0px|0px|0px&#8220; make_fullwidth=&#8220;on&#8220; global_colors_info=&#8220;{}&#8220; width_phone=&#8220;80%&#8220; max_width_phone=&#8220;80%&#8220;][et_pb_column type=&#8220;4_4&#8243; _builder_version=&#8220;4.16&#8243; background_position=&#8220;top_left&#8220; custom_padding=&#8220;0px|0px|0px|0px&#8220; global_colors_info=&#8220;{}&#8220; custom_padding__hover=&#8220;|||&#8220;][et_pb_image src=&#8220;https:\/\/www.brunosrl.net\/wp-content\/uploads\/2019\/09\/LMF0881-1.jpg&#8220; align_tablet=&#8220;center&#8220; align_last_edited=&#8220;on|desktop&#8220; _builder_version=&#8220;4.16&#8243; custom_margin=&#8220;80px||0px|&#8220; animation_style=&#8220;fade&#8220; animation_duration=&#8220;500ms&#8220; border_style=&#8220;solid&#8220; animation=&#8220;fade_in&#8220; sticky=&#8220;off&#8220; always_center_on_mobile=&#8220;on&#8220; global_colors_info=&#8220;{}&#8220; align_phone=&#8220;center&#8220;][\/et_pb_image][et_pb_image src=&#8220;https:\/\/www.brunosrl.net\/wp-content\/uploads\/2018\/12\/rosso.png&#8220; show_bottom_space=&#8220;off&#8220; align_tablet=&#8220;center&#8220; align_last_edited=&#8220;on|desktop&#8220; _builder_version=&#8220;4.16&#8243; custom_margin=&#8220;0px|0px|0px|0px&#8220; border_style=&#8220;solid&#8220; animation=&#8220;off&#8220; sticky=&#8220;on&#8220; always_center_on_mobile=&#8220;on&#8220; global_colors_info=&#8220;{}&#8220; align_phone=&#8220;center&#8220;][\/et_pb_image][\/et_pb_column][\/et_pb_row][\/et_pb_section][et_pb_section fb_built=&#8220;1&#8243; _builder_version=&#8220;4.16&#8243; custom_padding=&#8220;40px|0px|0px|0px&#8220; global_colors_info=&#8220;{}&#8220;][et_pb_row module_class=&#8220;text&#8220; _builder_version=&#8220;4.16&#8243; custom_margin=&#8220;0px|0px|20px|0px&#8220; custom_padding=&#8220;0px|0px|0px|0px&#8220; global_colors_info=&#8220;{}&#8220;][et_pb_column type=&#8220;4_4&#8243; _builder_version=&#8220;4.16&#8243; background_position=&#8220;top_left&#8220; custom_padding=&#8220;0px|0px|20px|0px&#8220; global_colors_info=&#8220;{}&#8220; custom_padding__hover=&#8220;|||&#8220;][et_pb_image src=&#8220;https:\/\/www.brunosrl.net\/wp-content\/uploads\/2019\/01\/euroverde-3.png&#8220; align=&#8220;center&#8220; align_tablet=&#8220;center&#8220; align_last_edited=&#8220;on|desktop&#8220; module_class=&#8220;logopagina&#8220; _builder_version=&#8220;4.16&#8243; max_width=&#8220;400px&#8220; border_style=&#8220;solid&#8220; animation=&#8220;off&#8220; sticky=&#8220;off&#8220; always_center_on_mobile=&#8220;on&#8220; global_colors_info=&#8220;{}&#8220; align_phone=&#8220;center&#8220;][\/et_pb_image][et_pb_text _builder_version=&#8220;4.16&#8243; custom_margin=&#8220;0px|15%|0px|15%&#8220; custom_margin_tablet=&#8220;&#8220; custom_margin_phone=&#8220;0px|2%|0px|2%&#8220; custom_margin_last_edited=&#8220;on|desktop&#8220; border_style=&#8220;solid&#8220; global_colors_info=&#8220;{}&#8220;]<\/p>\n<p style=\"text-align: center;\">EUROVERDE ist ein im Bereich Obst- und Gem\u00fcsehandel t\u00e4tiger Kommission\u00e4r, das seit 1973 mit einem Stand auf dem Gro\u00dfmarkt (Centro Agroalimentare) in Verona vertreten ist. Als professioneller, seri\u00f6ser Anbieter ist EUROVERDE eine sichere Referenz f\u00fcr Frische und das richtige Preis-Leistungs-Verh\u00e4ltnis.<\/p>\n<p style=\"text-align: center;\">EUROVERDE ist \u00fcber ein gut strukturiertes Handelsnetz in der Lage, die Vertriebsanforderungen aller Kunden zu erf\u00fcllen, die ihre Erzeugnisse auf dem wichtigsten Markt im Nordosten Italien anbieten wollen.<\/p>\n<p style=\"text-align: center;\">EUROVERDE handelt insbesondere mit italienischen und spanischen Erzeugnissen, steht aber immer mehr auch Obst und Gem\u00fcse aus anderen Herkunftsl\u00e4ndern offen.<\/p>\n<p>[\/et_pb_text][\/et_pb_column][\/et_pb_row][et_pb_row module_class=&#8220;imgfullwidth et_pb_row_fullwidth&#8220; _builder_version=&#8220;4.16&#8243; width=&#8220;89%&#8220; width_tablet=&#8220;80%&#8220; width_last_edited=&#8220;on|desktop&#8220; max_width=&#8220;89%&#8220; max_width_tablet=&#8220;80%&#8220; max_width_last_edited=&#8220;on|desktop&#8220; custom_margin=&#8220;0px|0px|0px|0px&#8220; custom_padding=&#8220;0px|0px|0px|0px&#8220; make_fullwidth=&#8220;on&#8220; global_colors_info=&#8220;{}&#8220; width_phone=&#8220;80%&#8220; max_width_phone=&#8220;80%&#8220;][et_pb_column type=&#8220;4_4&#8243; _builder_version=&#8220;4.16&#8243; background_position=&#8220;top_left&#8220; custom_padding=&#8220;0px|0px|0px|0px&#8220; global_colors_info=&#8220;{}&#8220; custom_padding__hover=&#8220;|||&#8220;][et_pb_image src=&#8220;https:\/\/www.brunosrl.net\/wp-content\/uploads\/2019\/09\/Euro2.jpg&#8220; show_bottom_space=&#8220;off&#8220; align=&#8220;center&#8220; force_fullwidth=&#8220;on&#8220; align_tablet=&#8220;center&#8220; align_last_edited=&#8220;on|desktop&#8220; _builder_version=&#8220;4.16&#8243; custom_margin=&#8220;0px|0px|0px|0px&#8220; animation_style=&#8220;fade&#8220; animation_duration=&#8220;500ms&#8220; border_style=&#8220;solid&#8220; animation=&#8220;fade_in&#8220; sticky=&#8220;on&#8220; always_center_on_mobile=&#8220;on&#8220; global_colors_info=&#8220;{}&#8220; align_phone=&#8220;center&#8220;][\/et_pb_image][et_pb_image src=&#8220;https:\/\/www.brunosrl.net\/wp-content\/uploads\/2018\/12\/verde.png&#8220; align_tablet=&#8220;center&#8220; align_last_edited=&#8220;on|desktop&#8220; _builder_version=&#8220;4.16&#8243; border_style=&#8220;solid&#8220; animation=&#8220;off&#8220; sticky=&#8220;off&#8220; always_center_on_mobile=&#8220;on&#8220; global_colors_info=&#8220;{}&#8220; align_phone=&#8220;center&#8220;][\/et_pb_image][\/et_pb_column][\/et_pb_row][\/et_pb_section][et_pb_section fb_built=&#8220;1&#8243; _builder_version=&#8220;4.16&#8243; custom_padding=&#8220;0px|0px|0px|0px&#8220; global_colors_info=&#8220;{}&#8220;][et_pb_row _builder_version=&#8220;4.16&#8243; custom_margin=&#8220;0px|0px|0px|0px&#8220; custom_padding=&#8220;0px|0px|0px|0px&#8220; global_colors_info=&#8220;{}&#8220;][et_pb_column type=&#8220;4_4&#8243; _builder_version=&#8220;4.16&#8243; background_position=&#8220;top_left&#8220; custom_padding=&#8220;0px|0px|0px|0px&#8220; global_colors_info=&#8220;{}&#8220; custom_padding__hover=&#8220;|||&#8220;][et_pb_text _builder_version=&#8220;4.16&#8243; border_style=&#8220;solid&#8220; global_colors_info=&#8220;{}&#8220;]<\/p>\n<h2 style=\"text-align: center;\"><img loading=\"lazy\" class=\"alignnone wp-image-78\" src=\"https:\/\/www.brunosrl.net\/wp-content\/uploads\/2018\/12\/marchio.png\" alt=\"\" width=\"60\" height=\"39\" \/><\/h2>\n<h2 style=\"text-align: center;\">Anfahrt<\/h2>\n<p>[\/et_pb_text][et_pb_code module_class=&#8220;mappa&#8220; _builder_version=&#8220;4.17.0&#8243; hover_enabled=&#8220;0&#8243; custom_css_main_element=&#8220;line-height:0px&#8220; global_colors_info=&#8220;{}&#8220; sticky_enabled=&#8220;0&#8243;]<iframe loading=\"lazy\" src=\"https:\/\/www.google.com\/maps\/embed?pb=!1m18!1m12!1m3!1d5601.923214901874!2d10.917491630937871!3d45.410113765971445!2m3!1f0!2f0!3f0!3m2!1i1024!2i768!4f13.1!3m3!1m2!1s0x4781e057483e0675%3A0x62ed777870d2fd7!2sEuroverde+SRL!5e0!3m2!1sit!2sit!4v1548320816527\" width=\"100%\" height=\"450\" frameborder=\"0\" style=\"border:0\" allowfullscreen><\/iframe>[\/et_pb_code][et_pb_text module_id=&#8220;footer_custom&#8220; module_class=&#8220;footer_custom&#8220; _builder_version=&#8220;4.16&#8243; border_style=&#8220;solid&#8220; global_colors_info=&#8220;{}&#8220;]<\/p>\n<p style=\"text-align: center;\"><strong>Euroverde<\/strong><br \/>\nVia Sommacampagna 63\/D<br \/>\nCentro Agroalimentare Stand 41\/42\u00a0 &#8211; 37137 Verona &#8211; I<br \/>\nTel.: +39 045 8626146 &#8211; Fax.: +39 045 8626147<br \/>\nE-Mail:\u00a0euroverde@brunosrl.net<br \/>\nP.IVA: 00410270235 &#8211; Codice SDI: M5ITOJA<\/p>\n<p style=\"text-align: center;\"><a href=\"https:\/\/www.brunosrl.net\/euroverde\/#\">privacy policy<\/a>\u00a0|\u00a0<a href=\"https:\/\/www.brunosrl.net\/euroverde\/#\">cookie policy<\/a><\/p>\n<p>[\/et_pb_text][\/et_pb_column][\/et_pb_row][\/et_pb_section]<\/p>\n","protected":false},"excerpt":{"rendered":"<p>EUROVERDE ist ein im Bereich Obst- und Gem\u00fcsehandel t\u00e4tiger Kommission\u00e4r, das seit 1973 mit einem Stand auf dem Gro\u00dfmarkt (Centro Agroalimentare) in Verona vertreten ist. Als professioneller, seri\u00f6ser Anbieter ist EUROVERDE eine sichere Referenz f\u00fcr Frische und das richtige Preis-Leistungs-Verh\u00e4ltnis. EUROVERDE ist \u00fcber ein gut strukturiertes Handelsnetz in der Lage, die Vertriebsanforderungen aller Kunden zu [&hellip;]<\/p>\n","protected":false},"author":1,"featured_media":0,"parent":0,"menu_order":0,"comment_status":"closed","ping_status":"closed","template":"","meta":{"_et_pb_use_builder":"on","_et_pb_old_content":"","_et_gb_content_width":""},"acf":[],"yoast_head":"<!-- This site is optimized with the Yoast SEO plugin v18.5.1 - https:\/\/yoast.com\/wordpress\/plugins\/seo\/ -->\n<title>Euroverde &ndash; Bruno srl<\/title>\n<meta name=\"robots\" content=\"index, follow, max-snippet:-1, max-image-preview:large, max-video-preview:-1\" \/>\n<link rel=\"canonical\" href=\"https:\/\/www.brunosrl.net\/de\/euroverde\/\" \/>\n<meta property=\"og:locale\" content=\"de_DE\" \/>\n<meta property=\"og:type\" content=\"article\" \/>\n<meta property=\"og:title\" content=\"Euroverde &ndash; Bruno srl\" \/>\n<meta property=\"og:description\" content=\"EUROVERDE ist ein im Bereich Obst- und Gem\u00fcsehandel t\u00e4tiger Kommission\u00e4r, das seit 1973 mit einem Stand auf dem Gro\u00dfmarkt (Centro Agroalimentare) in Verona vertreten ist. Als professioneller, seri\u00f6ser Anbieter ist EUROVERDE eine sichere Referenz f\u00fcr Frische und das richtige Preis-Leistungs-Verh\u00e4ltnis. EUROVERDE ist \u00fcber ein gut strukturiertes Handelsnetz in der Lage, die Vertriebsanforderungen aller Kunden zu [&hellip;]\" \/>\n<meta property=\"og:url\" content=\"https:\/\/www.brunosrl.net\/de\/euroverde\/\" \/>\n<meta property=\"og:site_name\" content=\"Bruno srl\" \/>\n<meta property=\"article:publisher\" content=\"https:\/\/www.facebook.com\/Bruno-Srl-106046430967899\" \/>\n<meta property=\"article:modified_time\" content=\"2022-04-12T15:27:56+00:00\" \/>\n<meta property=\"og:image\" content=\"https:\/\/www.brunosrl.net\/wp-content\/uploads\/2018\/12\/marchio.png\" \/>\n<meta name=\"twitter:card\" content=\"summary_large_image\" \/>\n<meta name=\"twitter:label1\" content=\"Gesch\u00e4tzte Lesezeit\" \/>\n\t<meta name=\"twitter:data1\" content=\"4\u00a0Minuten\" \/>\n<script type=\"application\/ld+json\" class=\"yoast-schema-graph\">{\"@context\":\"https:\/\/schema.org\",\"@graph\":[{\"@type\":\"Organization\",\"@id\":\"https:\/\/www.brunosrl.net\/#organization\",\"name\":\"Bruno SRL\",\"url\":\"https:\/\/www.brunosrl.net\/\",\"sameAs\":[\"https:\/\/www.facebook.com\/Bruno-Srl-106046430967899\",\"https:\/\/www.instagram.com\/brunosrl_verona\/\",\"https:\/\/www.youtube.com\/channel\/UCR4I2HS8EnhGXWPO3Jcz5mQ\"],\"logo\":{\"@type\":\"ImageObject\",\"@id\":\"https:\/\/www.brunosrl.net\/#logo\",\"inLanguage\":\"de\",\"url\":\"https:\/\/www.brunosrl.net\/wp-content\/uploads\/2018\/12\/bruno.png\",\"contentUrl\":\"https:\/\/www.brunosrl.net\/wp-content\/uploads\/2018\/12\/bruno.png\",\"width\":800,\"height\":234,\"caption\":\"Bruno SRL\"},\"image\":{\"@id\":\"https:\/\/www.brunosrl.net\/#logo\"}},{\"@type\":\"WebSite\",\"@id\":\"https:\/\/www.brunosrl.net\/#website\",\"url\":\"https:\/\/www.brunosrl.net\/\",\"name\":\"Bruno srl\",\"description\":\"\",\"publisher\":{\"@id\":\"https:\/\/www.brunosrl.net\/#organization\"},\"potentialAction\":[{\"@type\":\"SearchAction\",\"target\":{\"@type\":\"EntryPoint\",\"urlTemplate\":\"https:\/\/www.brunosrl.net\/?s={search_term_string}\"},\"query-input\":\"required name=search_term_string\"}],\"inLanguage\":\"de\"},{\"@type\":\"ImageObject\",\"@id\":\"https:\/\/www.brunosrl.net\/de\/euroverde\/#primaryimage\",\"inLanguage\":\"de\",\"url\":\"https:\/\/www.brunosrl.net\/wp-content\/uploads\/2018\/12\/marchio.png\",\"contentUrl\":\"https:\/\/www.brunosrl.net\/wp-content\/uploads\/2018\/12\/marchio.png\",\"width\":200,\"height\":131},{\"@type\":\"WebPage\",\"@id\":\"https:\/\/www.brunosrl.net\/de\/euroverde\/#webpage\",\"url\":\"https:\/\/www.brunosrl.net\/de\/euroverde\/\",\"name\":\"Euroverde &ndash; Bruno srl\",\"isPartOf\":{\"@id\":\"https:\/\/www.brunosrl.net\/#website\"},\"primaryImageOfPage\":{\"@id\":\"https:\/\/www.brunosrl.net\/de\/euroverde\/#primaryimage\"},\"datePublished\":\"2019-02-24T15:58:42+00:00\",\"dateModified\":\"2022-04-12T15:27:56+00:00\",\"breadcrumb\":{\"@id\":\"https:\/\/www.brunosrl.net\/de\/euroverde\/#breadcrumb\"},\"inLanguage\":\"de\",\"potentialAction\":[{\"@type\":\"ReadAction\",\"target\":[\"https:\/\/www.brunosrl.net\/de\/euroverde\/\"]}]},{\"@type\":\"BreadcrumbList\",\"@id\":\"https:\/\/www.brunosrl.net\/de\/euroverde\/#breadcrumb\",\"itemListElement\":[{\"@type\":\"ListItem\",\"position\":1,\"name\":\"Home\",\"item\":\"https:\/\/www.brunosrl.net\/de\/\"},{\"@type\":\"ListItem\",\"position\":2,\"name\":\"Euroverde\"}]}]}<\/script>\n<!-- \/ Yoast SEO plugin. -->","yoast_head_json":{"title":"Euroverde &ndash; Bruno srl","robots":{"index":"index","follow":"follow","max-snippet":"max-snippet:-1","max-image-preview":"max-image-preview:large","max-video-preview":"max-video-preview:-1"},"canonical":"https:\/\/www.brunosrl.net\/de\/euroverde\/","og_locale":"de_DE","og_type":"article","og_title":"Euroverde &ndash; Bruno srl","og_description":"EUROVERDE ist ein im Bereich Obst- und Gem\u00fcsehandel t\u00e4tiger Kommission\u00e4r, das seit 1973 mit einem Stand auf dem Gro\u00dfmarkt (Centro Agroalimentare) in Verona vertreten ist. Als professioneller, seri\u00f6ser Anbieter ist EUROVERDE eine sichere Referenz f\u00fcr Frische und das richtige Preis-Leistungs-Verh\u00e4ltnis. EUROVERDE ist \u00fcber ein gut strukturiertes Handelsnetz in der Lage, die Vertriebsanforderungen aller Kunden zu [&hellip;]","og_url":"https:\/\/www.brunosrl.net\/de\/euroverde\/","og_site_name":"Bruno srl","article_publisher":"https:\/\/www.facebook.com\/Bruno-Srl-106046430967899","article_modified_time":"2022-04-12T15:27:56+00:00","og_image":[{"url":"https:\/\/www.brunosrl.net\/wp-content\/uploads\/2018\/12\/marchio.png"}],"twitter_card":"summary_large_image","twitter_misc":{"Gesch\u00e4tzte Lesezeit":"4\u00a0Minuten"},"schema":{"@context":"https:\/\/schema.org","@graph":[{"@type":"Organization","@id":"https:\/\/www.brunosrl.net\/#organization","name":"Bruno SRL","url":"https:\/\/www.brunosrl.net\/","sameAs":["https:\/\/www.facebook.com\/Bruno-Srl-106046430967899","https:\/\/www.instagram.com\/brunosrl_verona\/","https:\/\/www.youtube.com\/channel\/UCR4I2HS8EnhGXWPO3Jcz5mQ"],"logo":{"@type":"ImageObject","@id":"https:\/\/www.brunosrl.net\/#logo","inLanguage":"de","url":"https:\/\/www.brunosrl.net\/wp-content\/uploads\/2018\/12\/bruno.png","contentUrl":"https:\/\/www.brunosrl.net\/wp-content\/uploads\/2018\/12\/bruno.png","width":800,"height":234,"caption":"Bruno SRL"},"image":{"@id":"https:\/\/www.brunosrl.net\/#logo"}},{"@type":"WebSite","@id":"https:\/\/www.brunosrl.net\/#website","url":"https:\/\/www.brunosrl.net\/","name":"Bruno srl","description":"","publisher":{"@id":"https:\/\/www.brunosrl.net\/#organization"},"potentialAction":[{"@type":"SearchAction","target":{"@type":"EntryPoint","urlTemplate":"https:\/\/www.brunosrl.net\/?s={search_term_string}"},"query-input":"required name=search_term_string"}],"inLanguage":"de"},{"@type":"ImageObject","@id":"https:\/\/www.brunosrl.net\/de\/euroverde\/#primaryimage","inLanguage":"de","url":"https:\/\/www.brunosrl.net\/wp-content\/uploads\/2018\/12\/marchio.png","contentUrl":"https:\/\/www.brunosrl.net\/wp-content\/uploads\/2018\/12\/marchio.png","width":200,"height":131},{"@type":"WebPage","@id":"https:\/\/www.brunosrl.net\/de\/euroverde\/#webpage","url":"https:\/\/www.brunosrl.net\/de\/euroverde\/","name":"Euroverde &ndash; Bruno srl","isPartOf":{"@id":"https:\/\/www.brunosrl.net\/#website"},"primaryImageOfPage":{"@id":"https:\/\/www.brunosrl.net\/de\/euroverde\/#primaryimage"},"datePublished":"2019-02-24T15:58:42+00:00","dateModified":"2022-04-12T15:27:56+00:00","breadcrumb":{"@id":"https:\/\/www.brunosrl.net\/de\/euroverde\/#breadcrumb"},"inLanguage":"de","potentialAction":[{"@type":"ReadAction","target":["https:\/\/www.brunosrl.net\/de\/euroverde\/"]}]},{"@type":"BreadcrumbList","@id":"https:\/\/www.brunosrl.net\/de\/euroverde\/#breadcrumb","itemListElement":[{"@type":"ListItem","position":1,"name":"Home","item":"https:\/\/www.brunosrl.net\/de\/"},{"@type":"ListItem","position":2,"name":"Euroverde"}]}]}},"_links":{"self":[{"href":"https:\/\/www.brunosrl.net\/de\/wp-json\/wp\/v2\/pages\/750"}],"collection":[{"href":"https:\/\/www.brunosrl.net\/de\/wp-json\/wp\/v2\/pages"}],"about":[{"href":"https:\/\/www.brunosrl.net\/de\/wp-json\/wp\/v2\/types\/page"}],"author":[{"embeddable":true,"href":"https:\/\/www.brunosrl.net\/de\/wp-json\/wp\/v2\/users\/1"}],"replies":[{"embeddable":true,"href":"https:\/\/www.brunosrl.net\/de\/wp-json\/wp\/v2\/comments?post=750"}],"version-history":[{"count":6,"href":"https:\/\/www.brunosrl.net\/de\/wp-json\/wp\/v2\/pages\/750\/revisions"}],"predecessor-version":[{"id":1978,"href":"https:\/\/www.brunosrl.net\/de\/wp-json\/wp\/v2\/pages\/750\/revisions\/1978"}],"wp:attachment":[{"href":"https:\/\/www.brunosrl.net\/de\/wp-json\/wp\/v2\/media?parent=750"}],"curies":[{"name":"wp","href":"https:\/\/api.w.org\/{rel}","templated":true}]}}